{"id":1774,"date":"2016-02-01T15:01:20","date_gmt":"2016-02-01T15:01:20","guid":{"rendered":"http:\/\/anpsthemes.com\/construction-demo-2\/cart\/"},"modified":"2024-11-11T20:37:38","modified_gmt":"2024-11-11T17:37:38","slug":"haberler-makaleler","status":"publish","type":"page","link":"https:\/\/www.musmetmakina.com\/tr\/haberler-makaleler\/","title":{"rendered":"Musmet Makina G\u00fcncel"},"content":{"rendered":"<div class=\"wpb-content-wrapper\"><p>[vc_row][vc_column]<div class='row anps-blog'><div class=\"col-md-4\">\r\n    <article id=\"post-2590\" class=\"post-2590 post type-post status-publish format-standard has-post-thumbnail hentry category-endustriyel-uretim-cozumleri category-gida-teknolojileri category-otomasyon-ve-dijitallesme category-sut-isleme tag-dijitallesme tag-endustri-4-0 tag-enerji-verimliligi tag-gida-guvenligi tag-iot tag-otomasyon-sistemleri tag-scada tag-surdurulebilir-uretim tag-sut-isleme-tesisleri tag-yapay-zeka\">\r\n        <header class=\"entry-header\">\r\n            <img loading=\"lazy\" decoding=\"async\" width=\"980\" height=\"980\" src=\"https:\/\/www.musmetmakina.com\/tr\/wp-content\/uploads\/2025\/03\/anahtar_teslim_sut_isleme_tesislerinde_otomasyon-1024x1024.jpg\" class=\"attachment-large size-large wp-post-image\" alt=\"\" srcset=\"https:\/\/www.musmetmakina.com\/tr\/wp-content\/uploads\/2025\/03\/anahtar_teslim_sut_isleme_tesislerinde_otomasyon-1024x1024.jpg 1024w, https:\/\/www.musmetmakina.com\/tr\/wp-content\/uploads\/2025\/03\/anahtar_teslim_sut_isleme_tesislerinde_otomasyon-300x300.jpg 300w, https:\/\/www.musmetmakina.com\/tr\/wp-content\/uploads\/2025\/03\/anahtar_teslim_sut_isleme_tesislerinde_otomasyon-150x150.jpg 150w, https:\/\/www.musmetmakina.com\/tr\/wp-content\/uploads\/2025\/03\/anahtar_teslim_sut_isleme_tesislerinde_otomasyon-768x768.jpg 768w, https:\/\/www.musmetmakina.com\/tr\/wp-content\/uploads\/2025\/03\/anahtar_teslim_sut_isleme_tesislerinde_otomasyon.jpg 1120w\" sizes=\"auto, (max-width: 980px) 100vw, 980px\" \/>            <a href=\"https:\/\/www.musmetmakina.com\/tr\/anahtar-teslim-sut-isleme-tesislerinde-otomasyon-ve-dijitallestirme-cozumleri\/\"><h3 class=\"post-title entry-title text-uppercase\">Anahtar Teslim S\u00fct \u0130\u015fleme Tesislerinde Otomasyon ve Dijitalle\u015ftirme \u00c7\u00f6z\u00fcmleri<\/h3><\/a>\r\n            <ul class='post-meta'><li>\n                <i class='fa fa-calendar'><\/i>\n                <time datetime='2025-03-04 09:41'>4 Mart 2025<\/time>\n            <\/li><li>\n                <i class='fa fa-commenting-o'><\/i>\n                Yorum yap\u0131lmam\u0131\u015f\n            <\/li><\/ul>        <\/header>\r\n        <div class=\"post-content entry-content\">\r\n            <div class=\"post-desc clearfix\">\r\n                S\u00fct i\u015fleme end\u00fcstrisi, g\u00fcvenlik, hijyen, verimlilik ve kalite gibi kritik fakt\u00f6rlerin \u00f6n planda oldu\u011fu bir sekt\u00f6rd\u00fcr. Modern anahtar teslim s\u00fct i\u015fleme tesisleri, otomasyon ve dijitalle\u015ftirme teknolojileri sayesinde daha verimli ve s\u00fcrd\u00fcr\u00fclebilir hale gelmektedir. Bu makalede, s\u00fct i\u015fleme tesislerinde otomasyon ve &hellip;            <\/div>\r\n            <a href=\"https:\/\/www.musmetmakina.com\/tr\/anahtar-teslim-sut-isleme-tesislerinde-otomasyon-ve-dijitallestirme-cozumleri\/\" class=\"btn btn-md btn-gradient btn-shadow\">Devam\u0131n\u0131 Oku<\/a>\r\n        <\/div>\r\n    <\/article>\r\n<\/div>\r\n<div class=\"col-md-4\">\r\n    <article id=\"post-2585\" class=\"post-2585 post type-post status-publish format-standard has-post-thumbnail hentry category-endustriyel-isleme-ekipmanlari category-genel category-gida-guvenligi category-gida-teknolojileri category-surdurulebilir-gida-uretimi category-sut-ve-sut-urunleri-isleme tag-endustriyel-cozumler tag-gida-guvenligi tag-gida-teknolojisi tag-htst tag-sut-pastorizasyonu tag-uht\">\r\n        <header class=\"entry-header\">\r\n            <img loading=\"lazy\" decoding=\"async\" width=\"980\" height=\"980\" src=\"https:\/\/www.musmetmakina.com\/tr\/wp-content\/uploads\/2025\/02\/pastorizasyonda_endustriyel_cozumler-1024x1024.jpg\" class=\"attachment-large size-large wp-post-image\" alt=\"\" srcset=\"https:\/\/www.musmetmakina.com\/tr\/wp-content\/uploads\/2025\/02\/pastorizasyonda_endustriyel_cozumler-1024x1024.jpg 1024w, https:\/\/www.musmetmakina.com\/tr\/wp-content\/uploads\/2025\/02\/pastorizasyonda_endustriyel_cozumler-300x300.jpg 300w, https:\/\/www.musmetmakina.com\/tr\/wp-content\/uploads\/2025\/02\/pastorizasyonda_endustriyel_cozumler-150x150.jpg 150w, https:\/\/www.musmetmakina.com\/tr\/wp-content\/uploads\/2025\/02\/pastorizasyonda_endustriyel_cozumler-768x768.jpg 768w, https:\/\/www.musmetmakina.com\/tr\/wp-content\/uploads\/2025\/02\/pastorizasyonda_endustriyel_cozumler.jpg 1120w\" sizes=\"auto, (max-width: 980px) 100vw, 980px\" \/>            <a href=\"https:\/\/www.musmetmakina.com\/tr\/sut-pastorizasyonunda-kullanilan-yontemler-ve-endustriyel-cozumler\/\"><h3 class=\"post-title entry-title text-uppercase\">S\u00fct Past\u00f6rizasyonunda Kullan\u0131lan Y\u00f6ntemler ve End\u00fcstriyel \u00c7\u00f6z\u00fcmler<\/h3><\/a>\r\n            <ul class='post-meta'><li>\n                <i class='fa fa-calendar'><\/i>\n                <time datetime='2025-02-25 10:23'>25 \u015eubat 2025<\/time>\n            <\/li><li>\n                <i class='fa fa-commenting-o'><\/i>\n                Yorum yap\u0131lmam\u0131\u015f\n            <\/li><\/ul>        <\/header>\r\n        <div class=\"post-content entry-content\">\r\n            <div class=\"post-desc clearfix\">\r\n                S\u00fct, do\u011fal yap\u0131s\u0131 itibariyle mikroorganizmalara a\u00e7\u0131k bir g\u0131da olup, t\u00fcketim \u00f6ncesinde sa\u011fl\u0131kl\u0131 ve g\u00fcvenli hale getirilmesi gerekmektedir. Past\u00f6rizasyon, s\u00fct\u00fcn i\u00e7indeki zararl\u0131 mikroorganizmalar\u0131 \u00f6ld\u00fcrerek raf \u00f6mr\u00fcn\u00fc uzatan ve besin de\u011ferlerini koruyan en yayg\u0131n y\u00f6ntemlerden biridir. Bu makalede, s\u00fct past\u00f6rizasyonunda kullan\u0131lan temel &hellip;            <\/div>\r\n            <a href=\"https:\/\/www.musmetmakina.com\/tr\/sut-pastorizasyonunda-kullanilan-yontemler-ve-endustriyel-cozumler\/\" class=\"btn btn-md btn-gradient btn-shadow\">Devam\u0131n\u0131 Oku<\/a>\r\n        <\/div>\r\n    <\/article>\r\n<\/div>\r\n<div class=\"col-md-4\">\r\n    <article id=\"post-2581\" class=\"post-2581 post type-post status-publish format-standard has-post-thumbnail hentry category-dijitallesme-ve-otomasyon category-enerji-verimliligi category-gida-endustrisi category-hijyen-ve-gida-guvenligi category-surdurulebilirlik category-sut-isleme-teknolojileri tag-cip-sistemi tag-dijitallesme tag-endustri-4-0 tag-enerji-verimliligi tag-gida-guvenligi tag-hijyen-standartlari tag-pastorizasyon tag-sut-fabrikalari tag-sut-isleme\">\r\n        <header class=\"entry-header\">\r\n            <img loading=\"lazy\" decoding=\"async\" width=\"980\" height=\"980\" src=\"https:\/\/www.musmetmakina.com\/tr\/wp-content\/uploads\/2025\/02\/A_modern_dairy_processing_facility_with_ad_3-1024x1024.jpg\" class=\"attachment-large size-large wp-post-image\" alt=\"\" srcset=\"https:\/\/www.musmetmakina.com\/tr\/wp-content\/uploads\/2025\/02\/A_modern_dairy_processing_facility_with_ad_3-1024x1024.jpg 1024w, https:\/\/www.musmetmakina.com\/tr\/wp-content\/uploads\/2025\/02\/A_modern_dairy_processing_facility_with_ad_3-300x300.jpg 300w, https:\/\/www.musmetmakina.com\/tr\/wp-content\/uploads\/2025\/02\/A_modern_dairy_processing_facility_with_ad_3-150x150.jpg 150w, https:\/\/www.musmetmakina.com\/tr\/wp-content\/uploads\/2025\/02\/A_modern_dairy_processing_facility_with_ad_3-768x768.jpg 768w, https:\/\/www.musmetmakina.com\/tr\/wp-content\/uploads\/2025\/02\/A_modern_dairy_processing_facility_with_ad_3.jpg 1120w\" sizes=\"auto, (max-width: 980px) 100vw, 980px\" \/>            <a href=\"https:\/\/www.musmetmakina.com\/tr\/sut-isleme-sureclerinde-verimliligi-artiran-teknik-cozumler-ve-optimizasyon-yontemleri\/\"><h3 class=\"post-title entry-title text-uppercase\">S\u00fct \u0130\u015fleme S\u00fcre\u00e7lerinde Verimlili\u011fi Art\u0131ran Teknik \u00c7\u00f6z\u00fcmler ve Optimizasyon Y\u00f6ntemleri<\/h3><\/a>\r\n            <ul class='post-meta'><li>\n                <i class='fa fa-calendar'><\/i>\n                <time datetime='2025-02-17 02:44'>17 \u015eubat 2025<\/time>\n            <\/li><li>\n                <i class='fa fa-commenting-o'><\/i>\n                Yorum yap\u0131lmam\u0131\u015f\n            <\/li><\/ul>        <\/header>\r\n        <div class=\"post-content entry-content\">\r\n            <div class=\"post-desc clearfix\">\r\n                S\u00fct i\u015fleme end\u00fcstrisi, hijyen standartlar\u0131na uyum, enerji verimlili\u011fi ve operasyonel maliyetlerin azalt\u0131lmas\u0131 gibi fakt\u00f6rler nedeniyle s\u00fcrekli geli\u015fen bir sekt\u00f6rd\u00fcr. Bu makalede, s\u00fct i\u015fleme s\u00fcre\u00e7lerinde verimlili\u011fi art\u0131rmak i\u00e7in kullan\u0131lan teknik \u00e7\u00f6z\u00fcmler ve optimizasyon y\u00f6ntemleri ele al\u0131nacakt\u0131r. 1. Enerji Verimlili\u011fi ve S\u00fcrd\u00fcr\u00fclebilirlik &hellip;            <\/div>\r\n            <a href=\"https:\/\/www.musmetmakina.com\/tr\/sut-isleme-sureclerinde-verimliligi-artiran-teknik-cozumler-ve-optimizasyon-yontemleri\/\" class=\"btn btn-md btn-gradient btn-shadow\">Devam\u0131n\u0131 Oku<\/a>\r\n        <\/div>\r\n    <\/article>\r\n<\/div>\r\n<div class=\"col-md-4\">\r\n    <article id=\"post-2577\" class=\"post-2577 post type-post status-publish format-standard has-post-thumbnail hentry category-endustriyel-makinalar category-gida-guvenligi category-surdurulebilirlik category-sut-isleme category-sut-isleme-cozumleri tag-cip-sistemi tag-enerji-verimliligi tag-gida-guvenligi tag-haccp tag-hijyen-standartlari tag-iso-22000 tag-pastorizasyon tag-surdurulebilir-uretim tag-sut-isleme tag-sut-tesisleri\">\r\n        <header class=\"entry-header\">\r\n            <img loading=\"lazy\" decoding=\"async\" width=\"980\" height=\"980\" src=\"https:\/\/www.musmetmakina.com\/tr\/wp-content\/uploads\/2025\/02\/sut_tesisi_kurulumu_gida_guvenligi.jpg\" class=\"attachment-large size-large wp-post-image\" alt=\"\" srcset=\"https:\/\/www.musmetmakina.com\/tr\/wp-content\/uploads\/2025\/02\/sut_tesisi_kurulumu_gida_guvenligi.jpg 1024w, https:\/\/www.musmetmakina.com\/tr\/wp-content\/uploads\/2025\/02\/sut_tesisi_kurulumu_gida_guvenligi-300x300.jpg 300w, https:\/\/www.musmetmakina.com\/tr\/wp-content\/uploads\/2025\/02\/sut_tesisi_kurulumu_gida_guvenligi-150x150.jpg 150w, https:\/\/www.musmetmakina.com\/tr\/wp-content\/uploads\/2025\/02\/sut_tesisi_kurulumu_gida_guvenligi-768x768.jpg 768w\" sizes=\"auto, (max-width: 980px) 100vw, 980px\" \/>            <a href=\"https:\/\/www.musmetmakina.com\/tr\/gida-guvenligi-standartlarina-uygun-sut-tesisleri-nasil-kurulur\/\"><h3 class=\"post-title entry-title text-uppercase\">G\u0131da G\u00fcvenli\u011fi Standartlar\u0131na Uygun S\u00fct Tesisleri Nas\u0131l Kurulur?<\/h3><\/a>\r\n            <ul class='post-meta'><li>\n                <i class='fa fa-calendar'><\/i>\n                <time datetime='2025-02-11 11:35'>11 \u015eubat 2025<\/time>\n            <\/li><li>\n                <i class='fa fa-commenting-o'><\/i>\n                Yorum yap\u0131lmam\u0131\u015f\n            <\/li><\/ul>        <\/header>\r\n        <div class=\"post-content entry-content\">\r\n            <div class=\"post-desc clearfix\">\r\n                1. G\u0131da G\u00fcvenli\u011fi Standartlar\u0131na Uygun Tesis Planlamas\u0131 S\u00fct tesisleri, hijyen ve g\u00fcvenlik standartlar\u0131n\u0131 kar\u015f\u0131layacak \u015fekilde tasarlanmal\u0131d\u0131r. Bu tasar\u0131m a\u015fa\u011f\u0131daki unsurlar\u0131 i\u00e7ermelidir: Hammaddenin giri\u015fi ve nihai \u00fcr\u00fcn \u00e7\u0131k\u0131\u015f\u0131 ayr\u0131 tutulmal\u0131d\u0131r. Temiz ve kirli alanlar net bir \u015fekilde ayr\u0131lmal\u0131d\u0131r. Zemin ve duvar &hellip;            <\/div>\r\n            <a href=\"https:\/\/www.musmetmakina.com\/tr\/gida-guvenligi-standartlarina-uygun-sut-tesisleri-nasil-kurulur\/\" class=\"btn btn-md btn-gradient btn-shadow\">Devam\u0131n\u0131 Oku<\/a>\r\n        <\/div>\r\n    <\/article>\r\n<\/div>\r\n<div class=\"col-md-4\">\r\n    <article id=\"post-2574\" class=\"post-2574 post type-post status-publish format-standard has-post-thumbnail hentry category-filtrasyon-sistemleri category-sut-isleme-teknolojileri tag-enerji-verimliligi tag-laktoz-giderimi tag-mineral-azaltma tag-nanofiltrasyon tag-peynir-alti-suyu tag-su-geri-kazanimi tag-surdurulebilir-uretim tag-sut-isleme tag-sut-konsantrasyonu tag-sut-tozu-uretimi\">\r\n        <header class=\"entry-header\">\r\n            <img loading=\"lazy\" decoding=\"async\" width=\"980\" height=\"773\" src=\"https:\/\/www.musmetmakina.com\/tr\/wp-content\/uploads\/2025\/02\/nanofiltrasyon-1024x808.jpg\" class=\"attachment-large size-large wp-post-image\" alt=\"\" srcset=\"https:\/\/www.musmetmakina.com\/tr\/wp-content\/uploads\/2025\/02\/nanofiltrasyon-1024x808.jpg 1024w, https:\/\/www.musmetmakina.com\/tr\/wp-content\/uploads\/2025\/02\/nanofiltrasyon-300x237.jpg 300w, https:\/\/www.musmetmakina.com\/tr\/wp-content\/uploads\/2025\/02\/nanofiltrasyon-768x606.jpg 768w, https:\/\/www.musmetmakina.com\/tr\/wp-content\/uploads\/2025\/02\/nanofiltrasyon-359x283.jpg 359w, https:\/\/www.musmetmakina.com\/tr\/wp-content\/uploads\/2025\/02\/nanofiltrasyon.jpg 1080w\" sizes=\"auto, (max-width: 980px) 100vw, 980px\" \/>            <a href=\"https:\/\/www.musmetmakina.com\/tr\/sut-ve-suttozu-sektorunde-nanofiltrasyon-sistemi\/\"><h3 class=\"post-title entry-title text-uppercase\">S\u00fct ve S\u00fcttozu Sekt\u00f6r\u00fcnde Nanofiltrasyon Sistemi<\/h3><\/a>\r\n            <ul class='post-meta'><li>\n                <i class='fa fa-calendar'><\/i>\n                <time datetime='2025-02-06 11:04'>6 \u015eubat 2025<\/time>\n            <\/li><li>\n                <i class='fa fa-commenting-o'><\/i>\n                Yorum yap\u0131lmam\u0131\u015f\n            <\/li><\/ul>        <\/header>\r\n        <div class=\"post-content entry-content\">\r\n            <div class=\"post-desc clearfix\">\r\n                Nanofiltrasyon (NF) teknolojisi, s\u00fct ve s\u00fct tozu end\u00fcstrisinde \u00e7e\u015fitli ama\u00e7larla kullan\u0131lan bir membran filtrasyon y\u00f6ntemidir. Bu teknoloji, molek\u00fcler a\u011f\u0131rl\u0131\u011f\u0131 orta seviyede olan bile\u015fenleri ay\u0131rmak i\u00e7in \u00f6zel olarak tasarlanm\u0131\u015ft\u0131r ve genellikle 1-10 nanometre \u00e7ap\u0131ndaki partik\u00fclleri filtreleyebilir. S\u00fct ve S\u00fct Tozu End\u00fcstrisinde &hellip;            <\/div>\r\n            <a href=\"https:\/\/www.musmetmakina.com\/tr\/sut-ve-suttozu-sektorunde-nanofiltrasyon-sistemi\/\" class=\"btn btn-md btn-gradient btn-shadow\">Devam\u0131n\u0131 Oku<\/a>\r\n        <\/div>\r\n    <\/article>\r\n<\/div>\r\n<div class=\"col-md-4\">\r\n    <article id=\"post-2570\" class=\"post-2570 post type-post status-publish format-standard has-post-thumbnail hentry category-gida-isleme-ekipmanlari category-mikrofiltrasyon-sistemleri category-sut-tozu-uretimi category-sut-ve-sut-tozu-teknolojileri category-sut-ve-sut-urunleri-teknolojileri tag-enerji-verimliligi tag-gida-guvenligi tag-mikrofiltrasyon tag-sut-isleme-teknolojileri tag-sut-tozu-uretimi\">\r\n        <header class=\"entry-header\">\r\n            <img loading=\"lazy\" decoding=\"async\" width=\"980\" height=\"980\" src=\"https:\/\/www.musmetmakina.com\/tr\/wp-content\/uploads\/2025\/01\/mikrofiltrasyon_001-1024x1024.jpg\" class=\"attachment-large size-large wp-post-image\" alt=\"\" srcset=\"https:\/\/www.musmetmakina.com\/tr\/wp-content\/uploads\/2025\/01\/mikrofiltrasyon_001-1024x1024.jpg 1024w, https:\/\/www.musmetmakina.com\/tr\/wp-content\/uploads\/2025\/01\/mikrofiltrasyon_001-300x300.jpg 300w, https:\/\/www.musmetmakina.com\/tr\/wp-content\/uploads\/2025\/01\/mikrofiltrasyon_001-150x150.jpg 150w, https:\/\/www.musmetmakina.com\/tr\/wp-content\/uploads\/2025\/01\/mikrofiltrasyon_001-768x768.jpg 768w, https:\/\/www.musmetmakina.com\/tr\/wp-content\/uploads\/2025\/01\/mikrofiltrasyon_001.jpg 1120w\" sizes=\"auto, (max-width: 980px) 100vw, 980px\" \/>            <a href=\"https:\/\/www.musmetmakina.com\/tr\/sut-ve-suttozu-sektorunde-mikrofiltrasyon-mf-sistemi\/\"><h3 class=\"post-title entry-title text-uppercase\">S\u00fct ve S\u00fcttozu Sekt\u00f6r\u00fcnde Mikrofiltrasyon (MF) Sistemi<\/h3><\/a>\r\n            <ul class='post-meta'><li>\n                <i class='fa fa-calendar'><\/i>\n                <time datetime='2025-01-28 01:15'>28 Ocak 2025<\/time>\n            <\/li><li>\n                <i class='fa fa-commenting-o'><\/i>\n                Yorum yap\u0131lmam\u0131\u015f\n            <\/li><\/ul>        <\/header>\r\n        <div class=\"post-content entry-content\">\r\n            <div class=\"post-desc clearfix\">\r\n                Mikrofiltrasyon (MF) sistemi, s\u00fct ve s\u00fct tozu tesislerinde \u00fcr\u00fcn\u00fcn kalitesini art\u0131rmak, safl\u0131\u011f\u0131n\u0131 sa\u011flamak ve i\u015flem verimlili\u011fini y\u00fckseltmek i\u00e7in kullan\u0131lan \u00f6nemli bir teknolojidir.            <\/div>\r\n            <a href=\"https:\/\/www.musmetmakina.com\/tr\/sut-ve-suttozu-sektorunde-mikrofiltrasyon-mf-sistemi\/\" class=\"btn btn-md btn-gradient btn-shadow\">Devam\u0131n\u0131 Oku<\/a>\r\n        <\/div>\r\n    <\/article>\r\n<\/div>\r\n<\/div><ul class='page-numbers'>\n\t<li><span aria-current=\"page\" class=\"page-numbers current\">1<\/span><\/li>\n\t<li><a class=\"page-numbers\" href=\"https:\/\/www.musmetmakina.com\/tr\/wp-json\/wp\/v2\/pages\/1774\/page\/2\/\">2<\/a><\/li>\n\t<li><a class=\"page-numbers\" href=\"https:\/\/www.musmetmakina.com\/tr\/wp-json\/wp\/v2\/pages\/1774\/page\/3\/\">3<\/a><\/li>\n\t<li><span class=\"page-numbers dots\">&hellip;<\/span><\/li>\n\t<li><a class=\"page-numbers\" href=\"https:\/\/www.musmetmakina.com\/tr\/wp-json\/wp\/v2\/pages\/1774\/page\/5\/\">5<\/a><\/li>\n\t<li><a class=\"next page-numbers\" href=\"https:\/\/www.musmetmakina.com\/tr\/wp-json\/wp\/v2\/pages\/1774\/page\/2\/\">Next <i class=\"fa fa-angle-right\"><\/i><\/a><\/li>\n<\/ul>\n[\/vc_column][\/vc_row]<\/p>\n<\/div>","protected":false},"excerpt":{"rendered":"<p>[vc_row][vc_column][\/vc_column][\/vc_row]<\/p>\n","protected":false},"author":1,"featured_media":0,"parent":0,"menu_order":0,"comment_status":"closed","ping_status":"closed","template":"","meta":{"om_disable_all_campaigns":false,"_monsterinsights_skip_tracking":false,"_monsterinsights_sitenote_active":false,"_monsterinsights_sitenote_note":"","_monsterinsights_sitenote_category":0,"footnotes":""},"class_list":["post-1774","page","type-page","status-publish","hentry"],"aioseo_notices":[],"_links":{"self":[{"href":"https:\/\/www.musmetmakina.com\/tr\/wp-json\/wp\/v2\/pages\/1774","targetHints":{"allow":["GET"]}}],"collection":[{"href":"https:\/\/www.musmetmakina.com\/tr\/wp-json\/wp\/v2\/pages"}],"about":[{"href":"https:\/\/www.musmetmakina.com\/tr\/wp-json\/wp\/v2\/types\/page"}],"author":[{"embeddable":true,"href":"https:\/\/www.musmetmakina.com\/tr\/wp-json\/wp\/v2\/users\/1"}],"replies":[{"embeddable":true,"href":"https:\/\/www.musmetmakina.com\/tr\/wp-json\/wp\/v2\/comments?post=1774"}],"version-history":[{"count":0,"href":"https:\/\/www.musmetmakina.com\/tr\/wp-json\/wp\/v2\/pages\/1774\/revisions"}],"wp:attachment":[{"href":"https:\/\/www.musmetmakina.com\/tr\/wp-json\/wp\/v2\/media?parent=1774"}],"curies":[{"name":"wp","href":"https:\/\/api.w.org\/{rel}","templated":true}]}}