{"id":1633,"date":"2016-01-20T13:53:48","date_gmt":"2016-01-20T13:53:48","guid":{"rendered":"http:\/\/anpsthemes.com\/construction\/?page_id=1633"},"modified":"2024-10-31T14:20:07","modified_gmt":"2024-10-31T11:20:07","slug":"vizyonumuz","status":"publish","type":"page","link":"https:\/\/www.musmetmakina.com\/tr\/vizyonumuz\/","title":{"rendered":"Vizyonumuz"},"content":{"rendered":"<div class=\"wpb-content-wrapper\"><p>[vc_row][vc_column width=&#8221;1\/2&#8243;][vc_column_text css=&#8221;&#8221;]<img loading=\"lazy\" decoding=\"async\" class=\"alignnone wp-image-2422 size-large\" src=\"http:\/\/www.musmetmakina.com\/wp-content\/uploads\/2024\/10\/Vision_Leonardo_Kino_XL_futuristic_vision_of_a_machinery_company_This_1-1024x575.jpg\" alt=\"\" width=\"980\" height=\"550\" \/>[\/vc_column_text][\/vc_column][vc_column width=&#8221;1\/2&#8243;][vc_column_text css=&#8221;&#8221;]<\/p>\n<p style=\"text-align: justify;\">Vizyonumuzun merkezinde, \u00e7evre dostu ve s\u00fcrd\u00fcr\u00fclebilir teknolojiler geli\u015ftirerek \u00fcretimin gelece\u011fini \u015fekillendiren bir \u015firket olma hedefini koyuyoruz. S\u00fct ve s\u00fct tozu \u00fcretim makineleri alan\u0131nda, yaln\u0131zca bug\u00fcn\u00fcn ihtiya\u00e7lar\u0131na yan\u0131t vermekle kalmay\u0131p, yar\u0131n\u0131n \u00e7evresel ve teknolojik gereksinimlerini de kar\u015f\u0131layan \u00e7\u00f6z\u00fcmler \u00fcretmeye \u00e7al\u0131\u015f\u0131yoruz.<\/p>\n<p style=\"text-align: justify;\">S\u00fcrd\u00fcr\u00fclebilirlik, ilkemizin temel ta\u015f\u0131d\u0131r. Do\u011fal kaynaklar\u0131 bilin\u00e7li bir \u015fekilde kullanma ve gelecek nesillere daha ya\u015fanabilir bir d\u00fcnya b\u0131rakma sorumlulu\u011fuyla hareket ediyoruz. \u00dcretim s\u00fcre\u00e7lerimizde geri d\u00f6n\u00fc\u015f\u00fcm\u00fc en \u00fcst d\u00fczeye \u00e7\u0131karmak, karbon ayak izimizi en aza indirmek ve enerji verimlili\u011fini art\u0131rmak \u00f6nceliklerimiz aras\u0131ndad\u0131r. Bu do\u011frultuda, makinelerimizin tasar\u0131m\u0131nda y\u00fcksek kaliteli ve dayan\u0131kl\u0131 malzemeler kullanmakla kalm\u0131yor, \u00fcretim ve kullan\u0131m s\u00fcre\u00e7lerinde minimum enerji t\u00fcketimi sa\u011flayan teknolojilere de yat\u0131r\u0131m yap\u0131yoruz.<\/p>\n<p style=\"text-align: justify;\">\u015eirketimiz yenili\u011fi sadece bir teknik gereklilik olarak de\u011fil, do\u011fay\u0131 koruma arac\u0131 olarak g\u00f6r\u00fcyor. Enerji verimlili\u011fi, \u00e7evre dostu teknolojiler ve s\u00fcrd\u00fcr\u00fclebilirlik konular\u0131nda s\u00fcrekli geli\u015fim zihniyetiyle hareket ederek sekt\u00f6r\u00fcnde lider olmay\u0131 hedefliyoruz. \u00dcr\u00fcnlerimizin \u00e7evresel etkisini azaltmaya y\u00f6nelik Ar-Ge s\u00fcre\u00e7lerimize b\u00fcy\u00fck \u00f6nem veriyor, her yeni makine tasar\u0131m\u0131nda \u00e7evreye duyarl\u0131l\u0131\u011f\u0131m\u0131z\u0131 daha da art\u0131rmay\u0131 ama\u00e7l\u0131yoruz.<\/p>\n<p style=\"text-align: justify;\">Vizyonumuz, yaln\u0131zca kendi \u00fcretim s\u00fcre\u00e7lerimizi s\u00fcrd\u00fcr\u00fclebilir hale getirmek de\u011fil, ayn\u0131 zamanda m\u00fc\u015fterilerimizin de kendi s\u00fcrd\u00fcr\u00fclebilir \u00fcretim hedeflerine ula\u015fmalar\u0131na yard\u0131mc\u0131 olmakt\u0131r. Bu do\u011frultuda, enerji verimlili\u011fini art\u0131ran \u00e7\u00f6z\u00fcmler sunarak karbon ayak izlerini azaltmalar\u0131na destek oluyoruz. Do\u011fa ile uyumlu, gelece\u011fe sayg\u0131l\u0131 ve \u00e7evre dostu \u00fcretim s\u00fcre\u00e7lerinin yayg\u0131nla\u015fmas\u0131n\u0131 sa\u011flamak, bizim i\u00e7in sadece bir sorumluluk de\u011fil, bir misyondur.<\/p>\n<p style=\"text-align: justify;\">Bu bilin\u00e7le, sekt\u00f6rdeki t\u00fcm payda\u015flara ilham vermek ve onlarla birlikte daha ye\u015fil, daha verimli ve daha s\u00fcrd\u00fcr\u00fclebilir bir d\u00fcnya in\u015fa etmek i\u00e7in \u00e7al\u0131\u015f\u0131yoruz. Her ad\u0131m\u0131m\u0131zla topluma ve do\u011faya olan katk\u0131lar\u0131m\u0131z\u0131, \u00e7evre bilincine sahip teknolojiler geli\u015ftirerek s\u00fcrekli olarak art\u0131rmay\u0131 hedefliyoruz.<\/p>\n<p>[\/vc_column_text][\/vc_column][\/vc_row]<\/p>\n<\/div>","protected":false},"excerpt":{"rendered":"<p>[vc_row][vc_column width=&#8221;1\/2&#8243;][vc_column_text css=&#8221;&#8221;][\/vc_column_text][\/vc_column][vc_column width=&#8221;1\/2&#8243;][vc_column_text css=&#8221;&#8221;] Vizyonumuzun merkezinde, \u00e7evre dostu ve s\u00fcrd\u00fcr\u00fclebilir teknolojiler geli\u015ftirerek \u00fcretimin gelece\u011fini \u015fekillendiren bir \u015firket olma hedefini koyuyoruz. S\u00fct ve s\u00fct tozu \u00fcretim makineleri alan\u0131nda, yaln\u0131zca bug\u00fcn\u00fcn ihtiya\u00e7lar\u0131na yan\u0131t vermekle kalmay\u0131p, yar\u0131n\u0131n \u00e7evresel ve teknolojik gereksinimlerini de &hellip;<\/p>\n","protected":false},"author":1,"featured_media":0,"parent":0,"menu_order":0,"comment_status":"closed","ping_status":"closed","template":"","meta":{"om_disable_all_campaigns":false,"_monsterinsights_skip_tracking":false,"_monsterinsights_sitenote_active":false,"_monsterinsights_sitenote_note":"","_monsterinsights_sitenote_category":0,"footnotes":""},"class_list":["post-1633","page","type-page","status-publish","hentry"],"aioseo_notices":[],"_links":{"self":[{"href":"https:\/\/www.musmetmakina.com\/tr\/wp-json\/wp\/v2\/pages\/1633","targetHints":{"allow":["GET"]}}],"collection":[{"href":"https:\/\/www.musmetmakina.com\/tr\/wp-json\/wp\/v2\/pages"}],"about":[{"href":"https:\/\/www.musmetmakina.com\/tr\/wp-json\/wp\/v2\/types\/page"}],"author":[{"embeddable":true,"href":"https:\/\/www.musmetmakina.com\/tr\/wp-json\/wp\/v2\/users\/1"}],"replies":[{"embeddable":true,"href":"https:\/\/www.musmetmakina.com\/tr\/wp-json\/wp\/v2\/comments?post=1633"}],"version-history":[{"count":0,"href":"https:\/\/www.musmetmakina.com\/tr\/wp-json\/wp\/v2\/pages\/1633\/revisions"}],"wp:attachment":[{"href":"https:\/\/www.musmetmakina.com\/tr\/wp-json\/wp\/v2\/media?parent=1633"}],"curies":[{"name":"wp","href":"https:\/\/api.w.org\/{rel}","templated":true}]}}