{"id":1512,"date":"2016-01-20T09:06:47","date_gmt":"2016-01-20T09:06:47","guid":{"rendered":"http:\/\/anpsthemes.com\/construction\/?page_id=1512"},"modified":"2024-11-06T14:16:25","modified_gmt":"2024-11-06T11:16:25","slug":"satis-sonrasi-hizmetler","status":"publish","type":"page","link":"https:\/\/www.musmetmakina.com\/tr\/satis-sonrasi-hizmetler\/","title":{"rendered":"Sat\u0131\u015f Sonras\u0131 Hizmetler"},"content":{"rendered":"<div class=\"wpb-content-wrapper\"><p>[vc_row][vc_column width=&#8221;1\/2&#8243;][vc_column_text css=&#8221;&#8221;]<img loading=\"lazy\" decoding=\"async\" class=\"alignnone size-full wp-image-2443\" src=\"https:\/\/www.musmetmakina.com\/tr\/wp-content\/uploads\/2024\/11\/tamir_bakim_devreye_alma_1.jpg\" alt=\"\" width=\"800\" height=\"455\" srcset=\"https:\/\/www.musmetmakina.com\/tr\/wp-content\/uploads\/2024\/11\/tamir_bakim_devreye_alma_1.jpg 800w, https:\/\/www.musmetmakina.com\/tr\/wp-content\/uploads\/2024\/11\/tamir_bakim_devreye_alma_1-300x171.jpg 300w, https:\/\/www.musmetmakina.com\/tr\/wp-content\/uploads\/2024\/11\/tamir_bakim_devreye_alma_1-768x437.jpg 768w\" sizes=\"auto, (max-width: 800px) 100vw, 800px\" \/>[\/vc_column_text][\/vc_column][vc_column width=&#8221;1\/2&#8243;][vc_column_text css=&#8221;&#8221;]<\/p>\n<p style=\"text-align: justify;\"><strong>S\u00fct ve S\u00fct Tozu Makine Sanayisi \u0130\u00e7in Sat\u0131\u015f Sonras\u0131 Hizmetler<\/strong><\/p>\n<p style=\"text-align: justify;\">S\u00fct ve s\u00fct tozu makine sekt\u00f6r\u00fcnde faaliyet g\u00f6steren bir \u015firket olarak, sat\u0131\u015f sonras\u0131 hizmetlerimiz, m\u00fc\u015fterilerimize ekipmanlar\u0131n\u0131n ya\u015fam d\u00f6ng\u00fcs\u00fc boyunca kesintisiz destek sa\u011flama konusundaki kararl\u0131l\u0131\u011f\u0131m\u0131z\u0131 yans\u0131tmaktad\u0131r. Hizmetlerimiz; kurulum, bak\u0131m, yedek par\u00e7a tedariki ve teknik e\u011fitim gibi geni\u015f bir yelpazeyi kapsamaktad\u0131r. Amac\u0131m\u0131z, m\u00fc\u015fterilerimizin yat\u0131r\u0131mlar\u0131ndan en y\u00fcksek verimi almalar\u0131n\u0131 sa\u011flamak ve g\u00fcvenilir destek ile kesintisiz \u00fcretim s\u00fcreklili\u011fi sa\u011flamakt\u0131r.<\/p>\n<ol>\n<li style=\"text-align: justify;\"><strong>Kurulum ve Devreye Alma<\/strong><br \/>\nSat\u0131\u015f s\u00fcrecinin hemen ard\u0131ndan ba\u015flayan kurulum ve devreye alma hizmetlerimiz, uzman teknisyenlerimiz taraf\u0131ndan titizlikle y\u00fcr\u00fct\u00fclmektedir. Do\u011fru kurulum ve devreye alma, gelecekte olu\u015fabilecek olas\u0131 teknik sorunlar\u0131 \u00f6nlemek i\u00e7in \u00e7ok \u00f6nemlidir. Kurulum s\u0131ras\u0131nda, ekiplerimiz m\u00fc\u015fterilerimize makinenin \u00e7al\u0131\u015fma prensipleri, g\u00fcvenlik \u00f6nlemleri ve g\u00fcnl\u00fck bak\u0131m rutinleri hakk\u0131nda bilgi vermektedir.<\/li>\n<\/ol>\n<p>[\/vc_column_text][\/vc_column][\/vc_row][vc_row][vc_column][vc_column_text css=&#8221;&#8221;]<\/p>\n<ul>\n<li>\n<p style=\"text-align: justify;\"><strong>D\u00fczenli Bak\u0131m Hizmetleri<\/strong><br \/>\nS\u00fct ve s\u00fct tozu makineleri, \u00fcretim hatlar\u0131ndaki yo\u011fun \u00e7al\u0131\u015fmalar\u0131 nedeniyle d\u00fczenli bak\u0131ma ihtiya\u00e7 duyar. \u015eirketimiz, makine performans\u0131n\u0131 ve dayan\u0131kl\u0131l\u0131\u011f\u0131n\u0131 art\u0131rmak amac\u0131yla planl\u0131 bak\u0131m hizmetleri sunmaktad\u0131r. M\u00fc\u015fterilerimiz i\u00e7in \u00f6zelle\u015ftirilmi\u015f bak\u0131m planlar\u0131 olu\u015fturarak makinenin \u00f6mr\u00fcn\u00fc uzatmay\u0131 ve beklenmedik ar\u0131zalar\u0131n riskini en aza indirerek \u00fcretim kesintilerini azaltmay\u0131 ve verimlili\u011fi en \u00fcst d\u00fczeye \u00e7\u0131karmay\u0131 hedefliyoruz.<\/p>\n<\/li>\n<li style=\"text-align: justify;\"><strong>Yedek Par\u00e7a Temini<\/strong><br \/>\nMakinelerinizin uzun vadeli ve sorunsuz \u00e7al\u0131\u015fmas\u0131n\u0131 sa\u011flamak amac\u0131yla y\u00fcksek kaliteli yedek par\u00e7alar temin ediyoruz. Geni\u015f yedek par\u00e7a sto\u011fumuz, s\u00fct ve s\u00fct tozu makinelerinin t\u00fcm temel bile\u015fenlerini kapsamaktad\u0131r. Bu, \u00fcretim hatt\u0131nda minimum kesinti s\u00fcresi ile h\u0131zl\u0131 ve g\u00fcvenilir par\u00e7a de\u011fi\u015fimini sa\u011flar.<\/li>\n<li style=\"text-align: justify;\"><strong>Acil M\u00fcdahale ve Teknik Destek<\/strong><br \/>\nTeknik sorunlar durumunda, m\u00fc\u015fterilerimizin kar\u015f\u0131la\u015ft\u0131klar\u0131 sorunlar\u0131 h\u0131zl\u0131ca \u00e7\u00f6zmek i\u00e7in 7\/24 acil m\u00fcdahale hizmeti sunuyoruz. Deneyimli teknik destek ekibimiz, telefon veya \u00e7evrimi\u00e7i ileti\u015fim yoluyla sorunlar\u0131 h\u0131zl\u0131ca \u00e7\u00f6zebilir, b\u00f6ylece minimum kesinti sa\u011flan\u0131r. Gerekli durumlarda, saha ekibimiz de h\u0131zla y\u00f6nlendirilerek yerinde teknik destek sunmaktad\u0131r.<\/li>\n<li style=\"text-align: justify;\"><strong>E\u011fitim Hizmetleri<\/strong><br \/>\nM\u00fc\u015fteri personeline y\u00f6nelik e\u011fitim hizmetlerimiz, makinenin verimli kullan\u0131m\u0131 ve bak\u0131m prosed\u00fcrlerinin sa\u011flanmas\u0131 amac\u0131yla tasarlanm\u0131\u015ft\u0131r. Teknik e\u011fitimlerimiz, makine operat\u00f6rlerinin yetkinli\u011fini art\u0131rarak, makine performans\u0131n\u0131n en \u00fcst d\u00fczeye \u00e7\u0131kar\u0131lmas\u0131n\u0131 sa\u011flar.<\/li>\n<li>\n<p style=\"text-align: justify;\"><strong>Uzaktan \u0130zleme ve Analiz<\/strong><br \/>\nGeli\u015fmi\u015f teknolojik altyap\u0131m\u0131z sayesinde, belirli makineler i\u00e7in uzaktan izleme ve analiz hizmeti sunabiliyoruz. Bu sistem, olas\u0131 ar\u0131zalar\u0131 \u00f6nceden tespit etmeye ve makine performans\u0131n\u0131 izlemeye yard\u0131mc\u0131 olur. Sorunlar ortaya \u00e7\u0131kmadan \u00f6nce proaktif \u00f6nlemler alarak \u00fcretim hatt\u0131n\u0131n kesintisiz \u00e7al\u0131\u015fmas\u0131n\u0131 sa\u011fl\u0131yoruz.<\/p>\n<\/li>\n<\/ul>\n<p>[\/vc_column_text][\/vc_column][\/vc_row]<\/p>\n<\/div>","protected":false},"excerpt":{"rendered":"<p>[vc_row][vc_column width=&#8221;1\/2&#8243;][vc_column_text css=&#8221;&#8221;][\/vc_column_text][\/vc_column][vc_column width=&#8221;1\/2&#8243;][vc_column_text css=&#8221;&#8221;] S\u00fct ve S\u00fct Tozu Makine Sanayisi \u0130\u00e7in Sat\u0131\u015f Sonras\u0131 Hizmetler S\u00fct ve s\u00fct tozu makine sekt\u00f6r\u00fcnde faaliyet g\u00f6steren bir \u015firket olarak, sat\u0131\u015f sonras\u0131 hizmetlerimiz, m\u00fc\u015fterilerimize ekipmanlar\u0131n\u0131n ya\u015fam d\u00f6ng\u00fcs\u00fc boyunca kesintisiz destek sa\u011flama konusundaki kararl\u0131l\u0131\u011f\u0131m\u0131z\u0131 yans\u0131tmaktad\u0131r. &hellip;<\/p>\n","protected":false},"author":1,"featured_media":0,"parent":0,"menu_order":0,"comment_status":"closed","ping_status":"closed","template":"","meta":{"om_disable_all_campaigns":false,"_monsterinsights_skip_tracking":false,"_monsterinsights_sitenote_active":false,"_monsterinsights_sitenote_note":"","_monsterinsights_sitenote_category":0,"footnotes":""},"class_list":["post-1512","page","type-page","status-publish","hentry"],"aioseo_notices":[],"_links":{"self":[{"href":"https:\/\/www.musmetmakina.com\/tr\/wp-json\/wp\/v2\/pages\/1512","targetHints":{"allow":["GET"]}}],"collection":[{"href":"https:\/\/www.musmetmakina.com\/tr\/wp-json\/wp\/v2\/pages"}],"about":[{"href":"https:\/\/www.musmetmakina.com\/tr\/wp-json\/wp\/v2\/types\/page"}],"author":[{"embeddable":true,"href":"https:\/\/www.musmetmakina.com\/tr\/wp-json\/wp\/v2\/users\/1"}],"replies":[{"embeddable":true,"href":"https:\/\/www.musmetmakina.com\/tr\/wp-json\/wp\/v2\/comments?post=1512"}],"version-history":[{"count":0,"href":"https:\/\/www.musmetmakina.com\/tr\/wp-json\/wp\/v2\/pages\/1512\/revisions"}],"wp:attachment":[{"href":"https:\/\/www.musmetmakina.com\/tr\/wp-json\/wp\/v2\/media?parent=1512"}],"curies":[{"name":"wp","href":"https:\/\/api.w.org\/{rel}","templated":true}]}}