{"id":1508,"date":"2016-01-20T08:59:43","date_gmt":"2016-01-20T08:59:43","guid":{"rendered":"http:\/\/anpsthemes.com\/construction\/?page_id=1508"},"modified":"2024-11-06T12:58:48","modified_gmt":"2024-11-06T09:58:48","slug":"tamir-ve-bakim-hizmetleri","status":"publish","type":"page","link":"https:\/\/www.musmetmakina.com\/tr\/tamir-ve-bakim-hizmetleri\/","title":{"rendered":"Tamir ve Bak\u0131m Hizmetleri"},"content":{"rendered":"<div class=\"wpb-content-wrapper\"><p>[vc_row][vc_column width=&#8221;1\/2&#8243;][vc_column_text css=&#8221;&#8221;]<\/p>\n<p style=\"text-align: justify;\">Musmet Makine, s\u00fct ve s\u00fct tozu makineleri sekt\u00f6r\u00fcnde uzmanla\u015fm\u0131\u015f olup, \u00fcretim ve kurulumdan onar\u0131m, bak\u0131m ve devreye almaya kadar geni\u015f bir hizmet yelpazesi sunmaktad\u0131r. M\u00fc\u015fteri ihtiya\u00e7lar\u0131n\u0131 kar\u015f\u0131lama konusunda g\u00f6stermi\u015f oldu\u011fu h\u0131zl\u0131 geri d\u00f6n\u00fc\u015flerle, y\u00fcksek kalite standartlar\u0131na uygun ve en son teknolojiyi i\u00e7eren makineler \u00fcretmekte ve \u00e7\u00f6z\u00fcmler tasarlamaktad\u0131r.<\/p>\n<p style=\"text-align: justify;\">\u00dcretimin yan\u0131 s\u0131ra, tesis kurulumu ve makinelerin devreye al\u0131nmas\u0131 konusunda da profesyonel destek sunarak i\u015fletmelerin operasyonel verimlili\u011fini art\u0131rmay\u0131 hedeflemektedir. D\u00fczenli bak\u0131m ve onar\u0131m hizmetleri sayesinde, makinelerinin uzun \u00f6m\u00fcrl\u00fc ve sorunsuz bir \u015fekilde \u00e7al\u0131\u015fmas\u0131n\u0131 sa\u011flamakta, m\u00fc\u015fterilerinin \u00fcretim s\u00fcre\u00e7lerindeki kesinti s\u00fcresini en aza indirmektedir.<\/p>\n<p style=\"text-align: justify;\">Enerji verimi y\u00fcksek, \u00e7evre dostu makineler \u00fcreterek, m\u00fc\u015fterilerine s\u00fcrd\u00fcr\u00fclebilir \u00e7\u00f6z\u00fcmler sunarak sekt\u00f6rde \u00f6ne \u00e7\u0131kmaktad\u0131r.<\/p>\n<p>[\/vc_column_text][\/vc_column][vc_column width=&#8221;1\/2&#8243;][vc_column_text css=&#8221;&#8221;]<img loading=\"lazy\" decoding=\"async\" class=\"alignnone wp-image-2439 size-full\" src=\"https:\/\/www.musmetmakina.com\/tr\/wp-content\/uploads\/2024\/11\/TAMIR_BAKIM_DEVREYE_ALMA.jpg\" alt=\"\" width=\"1440\" height=\"960\" srcset=\"https:\/\/www.musmetmakina.com\/tr\/wp-content\/uploads\/2024\/11\/TAMIR_BAKIM_DEVREYE_ALMA.jpg 1440w, https:\/\/www.musmetmakina.com\/tr\/wp-content\/uploads\/2024\/11\/TAMIR_BAKIM_DEVREYE_ALMA-300x200.jpg 300w, https:\/\/www.musmetmakina.com\/tr\/wp-content\/uploads\/2024\/11\/TAMIR_BAKIM_DEVREYE_ALMA-1024x683.jpg 1024w, https:\/\/www.musmetmakina.com\/tr\/wp-content\/uploads\/2024\/11\/TAMIR_BAKIM_DEVREYE_ALMA-768x512.jpg 768w\" sizes=\"auto, (max-width: 1440px) 100vw, 1440px\" \/>[\/vc_column_text][\/vc_column][\/vc_row]<\/p>\n<\/div>","protected":false},"excerpt":{"rendered":"<p>[vc_row][vc_column width=&#8221;1\/2&#8243;][vc_column_text css=&#8221;&#8221;] Musmet Makine, s\u00fct ve s\u00fct tozu makineleri sekt\u00f6r\u00fcnde uzmanla\u015fm\u0131\u015f olup, \u00fcretim ve kurulumdan onar\u0131m, bak\u0131m ve devreye almaya kadar geni\u015f bir hizmet yelpazesi sunmaktad\u0131r. M\u00fc\u015fteri ihtiya\u00e7lar\u0131n\u0131 kar\u015f\u0131lama konusunda g\u00f6stermi\u015f oldu\u011fu h\u0131zl\u0131 geri d\u00f6n\u00fc\u015flerle, y\u00fcksek kalite standartlar\u0131na uygun &hellip;<\/p>\n","protected":false},"author":1,"featured_media":0,"parent":0,"menu_order":0,"comment_status":"closed","ping_status":"closed","template":"","meta":{"om_disable_all_campaigns":false,"_monsterinsights_skip_tracking":false,"_monsterinsights_sitenote_active":false,"_monsterinsights_sitenote_note":"","_monsterinsights_sitenote_category":0,"footnotes":""},"class_list":["post-1508","page","type-page","status-publish","hentry"],"aioseo_notices":[],"_links":{"self":[{"href":"https:\/\/www.musmetmakina.com\/tr\/wp-json\/wp\/v2\/pages\/1508","targetHints":{"allow":["GET"]}}],"collection":[{"href":"https:\/\/www.musmetmakina.com\/tr\/wp-json\/wp\/v2\/pages"}],"about":[{"href":"https:\/\/www.musmetmakina.com\/tr\/wp-json\/wp\/v2\/types\/page"}],"author":[{"embeddable":true,"href":"https:\/\/www.musmetmakina.com\/tr\/wp-json\/wp\/v2\/users\/1"}],"replies":[{"embeddable":true,"href":"https:\/\/www.musmetmakina.com\/tr\/wp-json\/wp\/v2\/comments?post=1508"}],"version-history":[{"count":0,"href":"https:\/\/www.musmetmakina.com\/tr\/wp-json\/wp\/v2\/pages\/1508\/revisions"}],"wp:attachment":[{"href":"https:\/\/www.musmetmakina.com\/tr\/wp-json\/wp\/v2\/media?parent=1508"}],"curies":[{"name":"wp","href":"https:\/\/api.w.org\/{rel}","templated":true}]}}