{"id":1482,"date":"2016-01-19T16:40:09","date_gmt":"2016-01-19T16:40:09","guid":{"rendered":"http:\/\/anpsthemes.com\/construction\/?page_id=1482"},"modified":"2024-12-15T20:04:24","modified_gmt":"2024-12-15T17:04:24","slug":"iletisim","status":"publish","type":"page","link":"https:\/\/www.musmetmakina.com\/tr\/iletisim\/","title":{"rendered":"\u0130LET\u0130\u015e\u0130M"},"content":{"rendered":"<div class=\"wpb-content-wrapper\"><p>[vc_row full_width=&#8221;stretch_row_content_no_spaces&#8221; css=&#8221;.vc_custom_1453472469343{margin-bottom: 40px !important;}&#8221;][vc_column][vc_column_text css=&#8221;&#8221;]<iframe loading=\"lazy\" style=\"border: 0;\" src=\"https:\/\/www.google.com\/maps\/embed?pb=!1m17!1m12!1m3!1d3147.2797191788877!2d32.53088617589048!3d37.923895271948204!2m3!1f0!2f0!3f0!3m2!1i1024!2i768!4f13.1!3m2!1m1!2zMzfCsDU1JzI2LjAiTiAzMsKwMzInMDAuNSJF!5e0!3m2!1str!2str!4v1728733596138!5m2!1str!2str\" width=\"1920\" height=\"550\" allowfullscreen=\"allowfullscreen\"><span data-mce-type=\"bookmark\" style=\"display: inline-block; width: 0px; overflow: hidden; line-height: 0;\" class=\"mce_SELRES_start\"><\/span><span data-mce-type=\"bookmark\" style=\"display: inline-block; width: 0px; overflow: hidden; line-height: 0;\" class=\"mce_SELRES_start\"><\/span><\/iframe>[\/vc_column_text][\/vc_column][\/vc_row][vc_row][vc_column]<h2 class='heading-left  divider-modern'  style='color: #0a0a0a'><span>Bize Ula\u015f\u0131n<\/span><\/h2>[vc_empty_space height=&#8221;15&#8243;][\/vc_column][\/vc_row][vc_row css=&#8221;.vc_custom_1453297211960{margin-bottom: 40px !important;}&#8221;][vc_column width=&#8221;5\/12&#8243;]<table class='info-table'><\/tbody><tr class='info-table-row'><th class='info-table-icon'><i class='fa '><\/i><\/th><td class='info-table-content'>Musmet Makina<\/td><\/tr><tr class='info-table-row'><th class='info-table-icon'><i class='fa '><\/i><\/th><td class='info-table-content'>Fevzi \u00c7akmak Mah. 10633 Sokak No 8 Karatay \/ Konya<\/td><\/tr><tr class='info-table-row'><th class='info-table-icon'><i class='fa '><\/i><\/th><td class='info-table-content'>+90 541 246 02 10<\/td><\/tr><tr class='info-table-row'><th class='info-table-icon'><i class='fa '><\/i><\/th><td class='info-table-content'>+90 541 953 52 58<\/td><\/tr><tr class='info-table-row'><th class='info-table-icon'><i class='fa '><\/i><\/th><td class='info-table-content'>bilgi@musmetmakina.com<\/td><\/tr><\/table><\/tbody>[\/vc_column][vc_column width=&#8221;7\/12&#8243;]\n<div class=\"wpcf7 no-js\" id=\"wpcf7-f1831-o1\" lang=\"en-US\" dir=\"ltr\" data-wpcf7-id=\"1831\">\n<div class=\"screen-reader-response\"><p role=\"status\" aria-live=\"polite\" aria-atomic=\"true\"><\/p> <ul><\/ul><\/div>\n<form action=\"\/tr\/wp-json\/wp\/v2\/pages\/1482#wpcf7-f1831-o1\" method=\"post\" class=\"wpcf7-form init\" aria-label=\"Contact form\" novalidate=\"novalidate\" data-status=\"init\">\n<div style=\"display: none;\">\n<input type=\"hidden\" name=\"_wpcf7\" value=\"1831\" \/>\n<input type=\"hidden\" name=\"_wpcf7_version\" value=\"6.0.6\" \/>\n<input type=\"hidden\" name=\"_wpcf7_locale\" value=\"en_US\" \/>\n<input type=\"hidden\" name=\"_wpcf7_unit_tag\" value=\"wpcf7-f1831-o1\" \/>\n<input type=\"hidden\" name=\"_wpcf7_container_post\" value=\"0\" \/>\n<input type=\"hidden\" name=\"_wpcf7_posted_data_hash\" value=\"\" \/>\n<\/div>\n<div class=\"row\">\n\t<fieldset class=\"form-group col-md-7\">\n\t\t<p><span class=\"wpcf7-form-control-wrap\" data-name=\"name\"><input size=\"40\" maxlength=\"400\" class=\"wpcf7-form-control wpcf7-text wpcf7-validates-as-required\" aria-required=\"true\" aria-invalid=\"false\" placeholder=\"Ad\u0131n\u0131z\" value=\"\" type=\"text\" name=\"name\" \/><\/span>\n\t\t<\/p>\n\t<\/fieldset>\n\t<fieldset class=\"form-group col-md-7\">\n\t\t<p><span class=\"wpcf7-form-control-wrap\" data-name=\"email\"><input size=\"40\" maxlength=\"400\" class=\"wpcf7-form-control wpcf7-email wpcf7-validates-as-required wpcf7-text wpcf7-validates-as-email\" aria-required=\"true\" aria-invalid=\"false\" placeholder=\"E-posta\" value=\"\" type=\"email\" name=\"email\" \/><\/span>\n\t\t<\/p>\n\t<\/fieldset>\n\t<fieldset class=\"form-group col-md-7\">\n\t\t<p><span class=\"wpcf7-form-control-wrap\" data-name=\"subject\"><input size=\"40\" maxlength=\"400\" class=\"wpcf7-form-control wpcf7-text wpcf7-validates-as-required\" aria-required=\"true\" aria-invalid=\"false\" placeholder=\"Konu\" value=\"\" type=\"text\" name=\"subject\" \/><\/span>\n\t\t<\/p>\n\t<\/fieldset>\n\t<fieldset class=\"form-group col-md-12\">\n\t\t<p><span class=\"wpcf7-form-control-wrap\" data-name=\"message\"><textarea cols=\"40\" rows=\"10\" maxlength=\"2000\" class=\"wpcf7-form-control wpcf7-textarea wpcf7-validates-as-required\" aria-required=\"true\" aria-invalid=\"false\" placeholder=\"Mesaj\u0131n\u0131z\" name=\"message\"><\/textarea><\/span>\n\t\t<\/p>\n\t<\/fieldset>\n\t<fieldset class=\"form-group col-md-12\">\n\t\t<p><input class=\"wpcf7-form-control wpcf7-submit has-spinner btn btn-normal btn-md\" type=\"submit\" value=\"G\u00f6nder\" \/>\n\t\t<\/p>\n\t<\/fieldset>\n<\/div><div class=\"wpcf7-response-output\" aria-hidden=\"true\"><\/div>\n<\/form>\n<\/div>\n[\/vc_column][\/vc_row]<\/p>\n<\/div>","protected":false},"excerpt":{"rendered":"<p>[vc_row full_width=&#8221;stretch_row_content_no_spaces&#8221; css=&#8221;.vc_custom_1453472469343{margin-bottom: 40px !important;}&#8221;][vc_column][vc_column_text css=&#8221;&#8221;][\/vc_column_text][\/vc_column][\/vc_row][vc_row][vc_column][vc_empty_space height=&#8221;15&#8243;][\/vc_column][\/vc_row][vc_row css=&#8221;.vc_custom_1453297211960{margin-bottom: 40px !important;}&#8221;][vc_column width=&#8221;5\/12&#8243;][\/vc_column][vc_column width=&#8221;7\/12&#8243;][\/vc_column][\/vc_row]<\/p>\n","protected":false},"author":1,"featured_media":0,"parent":0,"menu_order":0,"comment_status":"closed","ping_status":"closed","template":"","meta":{"om_disable_all_campaigns":false,"_monsterinsights_skip_tracking":false,"_monsterinsights_sitenote_active":false,"_monsterinsights_sitenote_note":"","_monsterinsights_sitenote_category":0,"footnotes":""},"class_list":["post-1482","page","type-page","status-publish","hentry"],"aioseo_notices":[],"_links":{"self":[{"href":"https:\/\/www.musmetmakina.com\/tr\/wp-json\/wp\/v2\/pages\/1482","targetHints":{"allow":["GET"]}}],"collection":[{"href":"https:\/\/www.musmetmakina.com\/tr\/wp-json\/wp\/v2\/pages"}],"about":[{"href":"https:\/\/www.musmetmakina.com\/tr\/wp-json\/wp\/v2\/types\/page"}],"author":[{"embeddable":true,"href":"https:\/\/www.musmetmakina.com\/tr\/wp-json\/wp\/v2\/users\/1"}],"replies":[{"embeddable":true,"href":"https:\/\/www.musmetmakina.com\/tr\/wp-json\/wp\/v2\/comments?post=1482"}],"version-history":[{"count":1,"href":"https:\/\/www.musmetmakina.com\/tr\/wp-json\/wp\/v2\/pages\/1482\/revisions"}],"predecessor-version":[{"id":2519,"href":"https:\/\/www.musmetmakina.com\/tr\/wp-json\/wp\/v2\/pages\/1482\/revisions\/2519"}],"wp:attachment":[{"href":"https:\/\/www.musmetmakina.com\/tr\/wp-json\/wp\/v2\/media?parent=1482"}],"curies":[{"name":"wp","href":"https:\/\/api.w.org\/{rel}","templated":true}]}}