{"id":1461,"date":"2016-01-19T15:44:38","date_gmt":"2016-01-19T15:44:38","guid":{"rendered":"http:\/\/anpsthemes.com\/construction\/?page_id=1461"},"modified":"2024-10-31T13:10:55","modified_gmt":"2024-10-31T10:10:55","slug":"urunler","status":"publish","type":"page","link":"https:\/\/www.musmetmakina.com\/tr\/urunler\/","title":{"rendered":"\u00dcR\u00dcNLER"},"content":{"rendered":"<div class=\"wpb-content-wrapper\"><p>[vc_row][vc_column width=&#8221;1\/3&#8243;][vc_column_text css=&#8221;&#8221;]<img loading=\"lazy\" decoding=\"async\" class=\"alignnone wp-image-2435 size-full aligncenter\" src=\"http:\/\/www.musmetmakina.com\/wp-content\/uploads\/2024\/10\/PASTEURIZER_002.jpg\" alt=\"\" width=\"360\" height=\"240\" \/>[\/vc_column_text][vc_column_text css=&#8221;&#8221;]<\/p>\n<p style=\"text-align: center;\"><strong>PAST\u00d6R\u0130ZAT\u00d6RLER<\/strong><\/p>\n<p>[\/vc_column_text][\/vc_column][vc_column width=&#8221;1\/3&#8243;][vc_column_text css=&#8221;&#8221;]<img loading=\"lazy\" decoding=\"async\" class=\"alignnone wp-image-2443 size-full\" src=\"http:\/\/www.musmetmakina.com\/wp-content\/uploads\/2024\/10\/DAIRY_STORAGE_TANKS.jpg\" alt=\"\" width=\"360\" height=\"240\" \/>[\/vc_column_text][vc_column_text css=&#8221;&#8221;]<\/p>\n<p style=\"text-align: center;\"><strong>TANK GRUPLARI<\/strong><\/p>\n<p>[\/vc_column_text][\/vc_column][vc_column width=&#8221;1\/3&#8243;][vc_column_text css=&#8221;&#8221;]<img loading=\"lazy\" decoding=\"async\" class=\"alignnone wp-image-2437 size-full\" src=\"http:\/\/www.musmetmakina.com\/wp-content\/uploads\/2024\/10\/evaporator.jpg\" alt=\"\" width=\"360\" height=\"240\" \/>[\/vc_column_text][vc_column_text css=&#8221;&#8221;]<\/p>\n<p style=\"text-align: center;\"><strong>EVAPORAT\u00d6RLER<\/strong><\/p>\n<p>[\/vc_column_text][\/vc_column][\/vc_row][vc_row][vc_column width=&#8221;1\/3&#8243;][vc_column_text css=&#8221;&#8221;]<img loading=\"lazy\" decoding=\"async\" class=\"wp-image-2439 size-full aligncenter\" src=\"http:\/\/www.musmetmakina.com\/wp-content\/uploads\/2024\/10\/HEAT_EXCHANGER.jpg\" alt=\"\" width=\"360\" height=\"240\" \/>[\/vc_column_text][vc_column_text css=&#8221;&#8221;]<\/p>\n<p style=\"text-align: center;\"><strong>ISI DE\u011e\u0130\u015eT\u0130R\u0130C\u0130LER\u0130<\/strong><\/p>\n<p>[\/vc_column_text][\/vc_column][vc_column width=&#8221;1\/3&#8243;][vc_column_text css=&#8221;&#8221;]<img loading=\"lazy\" decoding=\"async\" class=\"alignnone size-full wp-image-2441 aligncenter\" src=\"http:\/\/www.musmetmakina.com\/wp-content\/uploads\/2024\/10\/CENTRIFUGAL_PUMPS_1.jpg\" alt=\"\" width=\"360\" height=\"240\" \/>[\/vc_column_text][vc_column_text css=&#8221;&#8221;]<\/p>\n<p style=\"text-align: center;\"><strong>POMPA GRUPLARI<\/strong><\/p>\n<p>[\/vc_column_text][\/vc_column][vc_column width=&#8221;1\/3&#8243;][vc_column_text css=&#8221;&#8221;]<img loading=\"lazy\" decoding=\"async\" class=\"alignnone size-full wp-image-2445 aligncenter\" src=\"http:\/\/www.musmetmakina.com\/wp-content\/uploads\/2024\/10\/SPRAY_DRYER_001.jpg\" alt=\"\" width=\"360\" height=\"240\" \/>[\/vc_column_text][vc_column_text css=&#8221;&#8221;]<\/p>\n<p style=\"text-align: center;\"><strong>S\u00dcT TOZU MAK\u0130NELER\u0130<\/strong><\/p>\n<p>[\/vc_column_text][\/vc_column][\/vc_row][vc_row][vc_column width=&#8221;1\/3&#8243;][vc_column_text css=&#8221;&#8221;]<img loading=\"lazy\" decoding=\"async\" class=\"alignnone wp-image-2447 size-full aligncenter\" src=\"http:\/\/www.musmetmakina.com\/wp-content\/uploads\/2024\/10\/homojenizator_001.jpg\" alt=\"\" width=\"360\" height=\"240\" \/>[\/vc_column_text][vc_column_text css=&#8221;&#8221;]<\/p>\n<p style=\"text-align: center;\"><strong>HOMOJEN\u0130ZAT\u00d6RLER<\/strong><\/p>\n<p>[\/vc_column_text][\/vc_column][vc_column width=&#8221;1\/3&#8243;][vc_column_text css=&#8221;&#8221;]<img loading=\"lazy\" decoding=\"async\" class=\"alignnone wp-image-2449 size-full\" src=\"http:\/\/www.musmetmakina.com\/wp-content\/uploads\/2024\/10\/SEPERATOR_002.jpg\" alt=\"\" width=\"360\" height=\"240\" \/>[\/vc_column_text][vc_column_text css=&#8221;&#8221;]<\/p>\n<p style=\"text-align: center;\"><strong>SEPERAT\u00d6RLER<\/strong><\/p>\n<p>[\/vc_column_text][\/vc_column][vc_column width=&#8221;1\/3&#8243;][vc_column_text css=&#8221;&#8221;]<img loading=\"lazy\" decoding=\"async\" class=\"alignnone size-full wp-image-2451 aligncenter\" src=\"http:\/\/www.musmetmakina.com\/wp-content\/uploads\/2024\/10\/PACKING_MACHINES.jpg\" alt=\"\" width=\"360\" height=\"240\" \/>[\/vc_column_text][vc_column_text css=&#8221;&#8221;]<\/p>\n<p style=\"text-align: center;\"><strong>PAKETLEME MAK\u0130NELER\u0130<\/strong><\/p>\n<p>[\/vc_column_text][\/vc_column][\/vc_row][vc_row][vc_column width=&#8221;1\/3&#8243;][vc_column_text css=&#8221;&#8221;]<img loading=\"lazy\" decoding=\"async\" class=\"alignnone size-full wp-image-2453 aligncenter\" src=\"http:\/\/www.musmetmakina.com\/wp-content\/uploads\/2024\/10\/CUSTOM_MADE_PRODUCTS.jpg\" alt=\"\" width=\"360\" height=\"240\" \/>[\/vc_column_text][vc_column_text css=&#8221;&#8221;]<\/p>\n<p style=\"text-align: center;\"><strong>M\u00dc\u015eTER\u0130YE \u00d6ZEL \u00c7\u00d6Z\u00dcMLER<\/strong><\/p>\n<p>[\/vc_column_text][\/vc_column][vc_column width=&#8221;1\/3&#8243;][\/vc_column][vc_column width=&#8221;1\/3&#8243;][\/vc_column][\/vc_row]<\/p>\n<\/div>","protected":false},"excerpt":{"rendered":"<p>[vc_row][vc_column width=&#8221;1\/3&#8243;][vc_column_text css=&#8221;&#8221;][\/vc_column_text][vc_column_text css=&#8221;&#8221;] PAST\u00d6R\u0130ZAT\u00d6RLER [\/vc_column_text][\/vc_column][vc_column width=&#8221;1\/3&#8243;][vc_column_text css=&#8221;&#8221;][\/vc_column_text][vc_column_text css=&#8221;&#8221;] TANK GRUPLARI [\/vc_column_text][\/vc_column][vc_column width=&#8221;1\/3&#8243;][vc_column_text css=&#8221;&#8221;][\/vc_column_text][vc_column_text css=&#8221;&#8221;] EVAPORAT\u00d6RLER [\/vc_column_text][\/vc_column][\/vc_row][vc_row][vc_column width=&#8221;1\/3&#8243;][vc_column_text css=&#8221;&#8221;][\/vc_column_text][vc_column_text css=&#8221;&#8221;] ISI DE\u011e\u0130\u015eT\u0130R\u0130C\u0130LER\u0130 [\/vc_column_text][\/vc_column][vc_column width=&#8221;1\/3&#8243;][vc_column_text css=&#8221;&#8221;][\/vc_column_text][vc_column_text css=&#8221;&#8221;] POMPA GRUPLARI [\/vc_column_text][\/vc_column][vc_column width=&#8221;1\/3&#8243;][vc_column_text css=&#8221;&#8221;][\/vc_column_text][vc_column_text css=&#8221;&#8221;] S\u00dcT TOZU MAK\u0130NELER\u0130 [\/vc_column_text][\/vc_column][\/vc_row][vc_row][vc_column width=&#8221;1\/3&#8243;][vc_column_text css=&#8221;&#8221;][\/vc_column_text][vc_column_text css=&#8221;&#8221;] HOMOJEN\u0130ZAT\u00d6RLER &hellip;<\/p>\n","protected":false},"author":1,"featured_media":0,"parent":0,"menu_order":0,"comment_status":"closed","ping_status":"closed","template":"","meta":{"om_disable_all_campaigns":false,"_monsterinsights_skip_tracking":false,"_monsterinsights_sitenote_active":false,"_monsterinsights_sitenote_note":"","_monsterinsights_sitenote_category":0,"footnotes":""},"class_list":["post-1461","page","type-page","status-publish","hentry"],"aioseo_notices":[],"_links":{"self":[{"href":"https:\/\/www.musmetmakina.com\/tr\/wp-json\/wp\/v2\/pages\/1461","targetHints":{"allow":["GET"]}}],"collection":[{"href":"https:\/\/www.musmetmakina.com\/tr\/wp-json\/wp\/v2\/pages"}],"about":[{"href":"https:\/\/www.musmetmakina.com\/tr\/wp-json\/wp\/v2\/types\/page"}],"author":[{"embeddable":true,"href":"https:\/\/www.musmetmakina.com\/tr\/wp-json\/wp\/v2\/users\/1"}],"replies":[{"embeddable":true,"href":"https:\/\/www.musmetmakina.com\/tr\/wp-json\/wp\/v2\/comments?post=1461"}],"version-history":[{"count":0,"href":"https:\/\/www.musmetmakina.com\/tr\/wp-json\/wp\/v2\/pages\/1461\/revisions"}],"wp:attachment":[{"href":"https:\/\/www.musmetmakina.com\/tr\/wp-json\/wp\/v2\/media?parent=1461"}],"curies":[{"name":"wp","href":"https:\/\/api.w.org\/{rel}","templated":true}]}}