{"id":1450,"date":"2016-01-20T08:20:38","date_gmt":"2016-01-20T08:20:38","guid":{"rendered":"http:\/\/anpsthemes.com\/construction\/?page_id=1450"},"modified":"2024-10-31T15:52:35","modified_gmt":"2024-10-31T12:52:35","slug":"sut-sut-tozu-makine-ve-ekipmanlari-uretimi","status":"publish","type":"page","link":"https:\/\/www.musmetmakina.com\/tr\/sut-sut-tozu-makine-ve-ekipmanlari-uretimi\/","title":{"rendered":"\u00dcretim"},"content":{"rendered":"<div class=\"wpb-content-wrapper\"><p>[vc_row][vc_column width=&#8221;1\/2&#8243;][vc_column_text css=&#8221;&#8221;]<img loading=\"lazy\" decoding=\"async\" class=\"alignnone size-full wp-image-2422\" src=\"https:\/\/www.musmetmakina.com\/tr\/wp-content\/uploads\/2024\/10\/sut_sut_tozu_tesisi_kurulumu.jpg\" alt=\"\" width=\"800\" height=\"449\" srcset=\"https:\/\/www.musmetmakina.com\/tr\/wp-content\/uploads\/2024\/10\/sut_sut_tozu_tesisi_kurulumu.jpg 800w, https:\/\/www.musmetmakina.com\/tr\/wp-content\/uploads\/2024\/10\/sut_sut_tozu_tesisi_kurulumu-300x168.jpg 300w, https:\/\/www.musmetmakina.com\/tr\/wp-content\/uploads\/2024\/10\/sut_sut_tozu_tesisi_kurulumu-768x431.jpg 768w\" sizes=\"auto, (max-width: 800px) 100vw, 800px\" \/>[\/vc_column_text][\/vc_column][vc_column width=&#8221;1\/2&#8243;][vc_column_text css=&#8221;&#8221;]<\/p>\n<p style=\"text-align: justify;\">Firmam\u0131z, s\u00fct ve s\u00fct tozu \u00fcretimi i\u00e7in ileri teknolojili ve verimli \u00e7\u00f6z\u00fcmler sunarak sekt\u00f6rde kalite, s\u00fcrd\u00fcr\u00fclebilirlik ve yenilik odakl\u0131 bir yakla\u015f\u0131m benimsemi\u015ftir. Uzman kadromuz ve geni\u015f tecr\u00fcbemizle, s\u00fct \u00fcr\u00fcnlerinin \u00fcretiminden son kullan\u0131c\u0131ya ula\u015fmas\u0131na kadar her a\u015famada en \u00fcst d\u00fczeyde kaliteyi sa\u011flamay\u0131 hedefliyoruz.<\/p>\n<p style=\"text-align: justify;\">Makine parkurumuzda yer alan modern \u00fcretim hatlar\u0131 sayesinde s\u00fct ve s\u00fct tozu \u00fcretiminde enerji verimlili\u011fi y\u00fcksek, \u00e7evreye duyarl\u0131 ve tamamen m\u00fc\u015fteri ihtiya\u00e7lar\u0131na g\u00f6re tasarlanm\u0131\u015f \u00e7\u00f6z\u00fcmler sunmaktay\u0131z. Y\u00fcksek kaliteli s\u00fct tozu elde etmek i\u00e7in en uygun prosesi sa\u011flayan makinelerimiz, sekt\u00f6r\u00fcn en g\u00fcncel teknolojileri ile donat\u0131larak \u00fcretim s\u00fcre\u00e7lerinizi h\u0131zland\u0131r\u0131r, maliyetlerinizi d\u00fc\u015f\u00fcr\u00fcr ve \u00fcr\u00fcn kalitesini maksimize eder.<\/p>\n<p style=\"text-align: justify;\">Yurti\u00e7i ve yurtd\u0131\u015f\u0131ndaki geni\u015f m\u00fc\u015fteri portf\u00f6y\u00fcm\u00fcze sa\u011flad\u0131\u011f\u0131m\u0131z g\u00fcvenilir ve verimli \u00e7\u00f6z\u00fcmlerle, s\u00fct ve s\u00fct tozu sekt\u00f6r\u00fcnde g\u00fc\u00e7l\u00fc bir \u00e7\u00f6z\u00fcm orta\u011f\u0131 olmaktan gurur duyuyoruz.<\/p>\n<p>[\/vc_column_text][\/vc_column][\/vc_row]<\/p>\n<\/div>","protected":false},"excerpt":{"rendered":"<p>[vc_row][vc_column width=&#8221;1\/2&#8243;][vc_column_text css=&#8221;&#8221;][\/vc_column_text][\/vc_column][vc_column width=&#8221;1\/2&#8243;][vc_column_text css=&#8221;&#8221;] Firmam\u0131z, s\u00fct ve s\u00fct tozu \u00fcretimi i\u00e7in ileri teknolojili ve verimli \u00e7\u00f6z\u00fcmler sunarak sekt\u00f6rde kalite, s\u00fcrd\u00fcr\u00fclebilirlik ve yenilik odakl\u0131 bir yakla\u015f\u0131m benimsemi\u015ftir. Uzman kadromuz ve geni\u015f tecr\u00fcbemizle, s\u00fct \u00fcr\u00fcnlerinin \u00fcretiminden son kullan\u0131c\u0131ya ula\u015fmas\u0131na kadar her &hellip;<\/p>\n","protected":false},"author":1,"featured_media":0,"parent":0,"menu_order":0,"comment_status":"closed","ping_status":"closed","template":"","meta":{"om_disable_all_campaigns":false,"_monsterinsights_skip_tracking":false,"_monsterinsights_sitenote_active":false,"_monsterinsights_sitenote_note":"","_monsterinsights_sitenote_category":0,"footnotes":""},"class_list":["post-1450","page","type-page","status-publish","hentry"],"aioseo_notices":[],"_links":{"self":[{"href":"https:\/\/www.musmetmakina.com\/tr\/wp-json\/wp\/v2\/pages\/1450","targetHints":{"allow":["GET"]}}],"collection":[{"href":"https:\/\/www.musmetmakina.com\/tr\/wp-json\/wp\/v2\/pages"}],"about":[{"href":"https:\/\/www.musmetmakina.com\/tr\/wp-json\/wp\/v2\/types\/page"}],"author":[{"embeddable":true,"href":"https:\/\/www.musmetmakina.com\/tr\/wp-json\/wp\/v2\/users\/1"}],"replies":[{"embeddable":true,"href":"https:\/\/www.musmetmakina.com\/tr\/wp-json\/wp\/v2\/comments?post=1450"}],"version-history":[{"count":0,"href":"https:\/\/www.musmetmakina.com\/tr\/wp-json\/wp\/v2\/pages\/1450\/revisions"}],"wp:attachment":[{"href":"https:\/\/www.musmetmakina.com\/tr\/wp-json\/wp\/v2\/media?parent=1450"}],"curies":[{"name":"wp","href":"https:\/\/api.w.org\/{rel}","templated":true}]}}