{"id":1408,"date":"2016-01-19T14:03:09","date_gmt":"2016-01-19T14:03:09","guid":{"rendered":"http:\/\/anpsthemes.com\/construction\/?page_id=1408"},"modified":"2024-10-31T01:32:20","modified_gmt":"2024-10-30T22:32:20","slug":"hakkimizda","status":"publish","type":"page","link":"https:\/\/www.musmetmakina.com\/tr\/hakkimizda\/","title":{"rendered":"Hakk\u0131m\u0131zda"},"content":{"rendered":"<div class=\"wpb-content-wrapper\"><p>[vc_row css=&#8221;.vc_custom_1460122496361{margin-bottom: 30px !important;}&#8221;][vc_column width=&#8221;1\/2&#8243;]<h2 class='heading-left  divider-modern'  style='color: #000000'><span><em class=\"heading-subtitle\" style='color: #c9c9c9'>Musmet Makina Hakk\u0131nda<\/em>HAKKIMIZDA<\/span><\/h2>[vc_empty_space height=&#8221;20px&#8221;][vc_column_text css=&#8221;&#8221;]<\/p>\n<p style=\"text-align: justify;\">Y\u0131llar\u0131n tecr\u00fcbesini inovasyonla birle\u015ftirerek s\u00fct ve s\u00fct tozu makine \u00fcretimine yeni bir bak\u0131\u015f a\u00e7\u0131s\u0131 kazand\u0131ran bir \u015firketiz. Sekt\u00f6rde geni\u015f bilgi ve deneyime sahip iki ortak taraf\u0131ndan kurulan \u015firketimiz, y\u00fcksek kaliteli ve yenilik\u00e7i \u00e7\u00f6z\u00fcmler sunmak i\u00e7in bu yola \u00e7\u0131kt\u0131.<\/p>\n<p style=\"text-align: justify;\">\u015eirketimizin temel ilkelerinden biri, s\u00fct ve s\u00fct tozu \u00fcretiminde verimlili\u011fi art\u0131ran, enerji tasarrufu sa\u011flayan ve s\u00fcrd\u00fcr\u00fclebilirli\u011fi \u00f6n planda tutan makineler geli\u015ftirmektir. M\u00fc\u015fterilerimizin ihtiya\u00e7lar\u0131n\u0131 anlayarak onlara \u00f6zel \u00e7\u00f6z\u00fcmler sunarak sekt\u00f6rde fark yaratmay\u0131 hedefliyoruz.<\/p>\n<p style=\"text-align: justify;\">Her a\u015famada kaliteye ve m\u00fc\u015fteri memnuniyetine olan ba\u011fl\u0131l\u0131\u011f\u0131m\u0131zla, k\u00fcresel end\u00fcstriyel standartlar\u0131 kar\u015f\u0131lamaya ve gelece\u011fin teknolojilerini bug\u00fcnden sunmaya \u00e7al\u0131\u015f\u0131yoruz. \u00dcretimin gelece\u011fini in\u015fa ederken, y\u0131llar\u0131n deneyimi gen\u00e7 ve dinamik bir bak\u0131\u015f a\u00e7\u0131s\u0131yla harmanlan\u0131yor.<\/p>\n<p>[\/vc_column_text][\/vc_column][vc_column width=&#8221;1\/2&#8243;][vc_single_image image=&#8221;2405&#8243; img_size=&#8221;full&#8221; css=&#8221;&#8221;][\/vc_column][\/vc_row][vc_row full_width=&#8221;stretch_row&#8221; el_class=&#8221;no-bottom-padding-row&#8221; css=&#8221;.vc_custom_1470129552170{background-color: #f7c51e !important;}&#8221;][vc_column css=&#8221;.vc_custom_1453297044468{padding-top: 0px !important;}&#8221;]<div class=\"download\"><div class='download-content text-uppercase' style='color: #333333'>Hizmetlerimiz ve Projelerimizin Katalo\u011funu \u0130ndirin<\/div><a target='_self' href='#' class='btn btn-md btn-dark btn-shadow'>\u0130ndir<\/a><\/div>[\/vc_column][\/vc_row]<\/p>\n<\/div>","protected":false},"excerpt":{"rendered":"<p>[vc_row css=&#8221;.vc_custom_1460122496361{margin-bottom: 30px !important;}&#8221;][vc_column width=&#8221;1\/2&#8243;][vc_empty_space height=&#8221;20px&#8221;][vc_column_text css=&#8221;&#8221;] Y\u0131llar\u0131n tecr\u00fcbesini inovasyonla birle\u015ftirerek s\u00fct ve s\u00fct tozu makine \u00fcretimine yeni bir bak\u0131\u015f a\u00e7\u0131s\u0131 kazand\u0131ran bir \u015firketiz. Sekt\u00f6rde geni\u015f bilgi ve deneyime sahip iki ortak taraf\u0131ndan kurulan \u015firketimiz, y\u00fcksek kaliteli ve yenilik\u00e7i \u00e7\u00f6z\u00fcmler &hellip;<\/p>\n","protected":false},"author":1,"featured_media":0,"parent":0,"menu_order":0,"comment_status":"closed","ping_status":"closed","template":"","meta":{"om_disable_all_campaigns":false,"_monsterinsights_skip_tracking":false,"_monsterinsights_sitenote_active":false,"_monsterinsights_sitenote_note":"","_monsterinsights_sitenote_category":0,"footnotes":""},"class_list":["post-1408","page","type-page","status-publish","hentry"],"aioseo_notices":[],"_links":{"self":[{"href":"https:\/\/www.musmetmakina.com\/tr\/wp-json\/wp\/v2\/pages\/1408","targetHints":{"allow":["GET"]}}],"collection":[{"href":"https:\/\/www.musmetmakina.com\/tr\/wp-json\/wp\/v2\/pages"}],"about":[{"href":"https:\/\/www.musmetmakina.com\/tr\/wp-json\/wp\/v2\/types\/page"}],"author":[{"embeddable":true,"href":"https:\/\/www.musmetmakina.com\/tr\/wp-json\/wp\/v2\/users\/1"}],"replies":[{"embeddable":true,"href":"https:\/\/www.musmetmakina.com\/tr\/wp-json\/wp\/v2\/comments?post=1408"}],"version-history":[{"count":0,"href":"https:\/\/www.musmetmakina.com\/tr\/wp-json\/wp\/v2\/pages\/1408\/revisions"}],"wp:attachment":[{"href":"https:\/\/www.musmetmakina.com\/tr\/wp-json\/wp\/v2\/media?parent=1408"}],"curies":[{"name":"wp","href":"https:\/\/api.w.org\/{rel}","templated":true}]}}