{"id":1266,"date":"2016-01-18T16:11:20","date_gmt":"2016-01-18T16:11:20","guid":{"rendered":"http:\/\/anpsthemes.com\/construction\/?page_id=1266"},"modified":"2024-10-31T11:05:57","modified_gmt":"2024-10-31T08:05:57","slug":"cozum-ortaklarimiz","status":"publish","type":"page","link":"https:\/\/www.musmetmakina.com\/tr\/cozum-ortaklarimiz\/","title":{"rendered":"\u00c7\u00f6z\u00fcm Ortaklar\u0131m\u0131z"},"content":{"rendered":"<div class=\"wpb-content-wrapper\"><p>[vc_row][vc_column width=&#8221;1\/2&#8243;][vc_column_text css=&#8221;&#8221;]<img loading=\"lazy\" decoding=\"async\" class=\"alignnone wp-image-2410 size-full\" src=\"http:\/\/www.musmetmakina.com\/wp-content\/uploads\/2024\/10\/COZUM_ORTAGI_SERKAN_TURKSEZER.jpg\" alt=\"\" width=\"2392\" height=\"1344\" \/>[\/vc_column_text][\/vc_column][vc_column width=&#8221;1\/2&#8243;][vc_column_text css=&#8221;&#8221;]ST Otomasyon Hizmetleri[\/vc_column_text][vc_column_text css=&#8221;&#8221;]<\/p>\n<p style=\"text-align: justify;\">ST Automation, s\u00fct ve s\u00fct tozu makineleri alan\u0131nda ola\u011fan\u00fcst\u00fc bir \u00e7\u00f6z\u00fcm orta\u011f\u0131 olarak uzmanl\u0131\u011f\u0131 ve m\u00fchendislik becerileriyle \u00f6ne \u00e7\u0131kmaktad\u0131r. \u0130\u015f d\u00fcnyas\u0131nda, yenilik ve verimlili\u011fi art\u0131rmaya y\u00f6nelik katk\u0131lar\u0131yla ekibimize \u00f6nemli bir de\u011fer katmaktad\u0131r. Teknik bilgisi ve problem \u00e7\u00f6zme yetenekleri sayesinde ST Automation, karma\u015f\u0131k projeleri ba\u015far\u0131yla y\u00f6netmekte ve m\u00fc\u015fterilerimizin ihtiya\u00e7lar\u0131n\u0131 en iyi \u015fekilde kar\u015f\u0131layan \u00e7\u00f6z\u00fcmler sunmaktad\u0131r.<\/p>\n<p style=\"text-align: justify;\">Detaylara g\u00f6sterdikleri \u00f6zen ve titizlik, projelerimizin her a\u015famas\u0131nda m\u00fckemmel sonu\u00e7lar elde etmemizi sa\u011flamaktad\u0131r. Yarat\u0131c\u0131 yakla\u015f\u0131m\u0131, sekt\u00f6rdeki en son teknolojileri entegre etme konusundaki yetkinli\u011fi ile birle\u015fti\u011finde, makinelerimizin verimlili\u011fini art\u0131rmakta ve s\u00fcrd\u00fcr\u00fclebilirlik hedeflerimize ula\u015fmam\u0131za yard\u0131mc\u0131 olmaktad\u0131r.<\/p>\n<p style=\"text-align: justify;\">Ayr\u0131ca, ST Automation&#8217;\u0131n liderlik becerileri, ekip i\u00e7indeki i\u015f birli\u011fini g\u00fc\u00e7lendirerek herkesin potansiyelini en \u00fcst d\u00fczeye \u00e7\u0131karmas\u0131na olanak tan\u0131maktad\u0131r. Onunla \u00e7al\u0131\u015fmak, yaln\u0131zca bir m\u00fchendisle de\u011fil, ayn\u0131 zamanda vizyon sahibi bir liderle i\u015f birli\u011fi yapmak gibidir.<\/p>\n<p style=\"text-align: justify;\">ST Automation&#8217;\u0131n katk\u0131lar\u0131, hem \u015firketimize hem de m\u00fc\u015fterilerimize sundu\u011fumuz hizmetlerin kalitesini art\u0131rarak sekt\u00f6rdeki rekabet g\u00fcc\u00fcm\u00fcz\u00fc sa\u011flamla\u015ft\u0131rmaktad\u0131r. Kendisiyle \u00e7al\u0131\u015fmaktan duydu\u011fumuz memnuniyet, her projede yeni ba\u015far\u0131lara ula\u015fma arzusuyla birle\u015fmektedir.<\/p>\n<p>[\/vc_column_text][\/vc_column][\/vc_row]<\/p>\n<\/div>","protected":false},"excerpt":{"rendered":"<p>[vc_row][vc_column width=&#8221;1\/2&#8243;][vc_column_text css=&#8221;&#8221;][\/vc_column_text][\/vc_column][vc_column width=&#8221;1\/2&#8243;][vc_column_text css=&#8221;&#8221;]ST Otomasyon Hizmetleri[\/vc_column_text][vc_column_text css=&#8221;&#8221;] ST Automation, s\u00fct ve s\u00fct tozu makineleri alan\u0131nda ola\u011fan\u00fcst\u00fc bir \u00e7\u00f6z\u00fcm orta\u011f\u0131 olarak uzmanl\u0131\u011f\u0131 ve m\u00fchendislik becerileriyle \u00f6ne \u00e7\u0131kmaktad\u0131r. \u0130\u015f d\u00fcnyas\u0131nda, yenilik ve verimlili\u011fi art\u0131rmaya y\u00f6nelik katk\u0131lar\u0131yla ekibimize \u00f6nemli bir de\u011fer katmaktad\u0131r. &hellip;<\/p>\n","protected":false},"author":1,"featured_media":0,"parent":0,"menu_order":0,"comment_status":"closed","ping_status":"closed","template":"","meta":{"om_disable_all_campaigns":false,"_monsterinsights_skip_tracking":false,"_monsterinsights_sitenote_active":false,"_monsterinsights_sitenote_note":"","_monsterinsights_sitenote_category":0,"footnotes":""},"class_list":["post-1266","page","type-page","status-publish","hentry"],"aioseo_notices":[],"_links":{"self":[{"href":"https:\/\/www.musmetmakina.com\/tr\/wp-json\/wp\/v2\/pages\/1266","targetHints":{"allow":["GET"]}}],"collection":[{"href":"https:\/\/www.musmetmakina.com\/tr\/wp-json\/wp\/v2\/pages"}],"about":[{"href":"https:\/\/www.musmetmakina.com\/tr\/wp-json\/wp\/v2\/types\/page"}],"author":[{"embeddable":true,"href":"https:\/\/www.musmetmakina.com\/tr\/wp-json\/wp\/v2\/users\/1"}],"replies":[{"embeddable":true,"href":"https:\/\/www.musmetmakina.com\/tr\/wp-json\/wp\/v2\/comments?post=1266"}],"version-history":[{"count":0,"href":"https:\/\/www.musmetmakina.com\/tr\/wp-json\/wp\/v2\/pages\/1266\/revisions"}],"wp:attachment":[{"href":"https:\/\/www.musmetmakina.com\/tr\/wp-json\/wp\/v2\/media?parent=1266"}],"curies":[{"name":"wp","href":"https:\/\/api.w.org\/{rel}","templated":true}]}}