{"id":1096,"date":"2016-01-06T13:11:34","date_gmt":"2016-01-06T13:11:34","guid":{"rendered":"http:\/\/anpsthemes.com\/construction\/?page_id=1096"},"modified":"2025-01-01T18:28:16","modified_gmt":"2025-01-01T15:28:16","slug":"musmet-makina-anasayfa","status":"publish","type":"page","link":"https:\/\/www.musmetmakina.com\/tr\/","title":{"rendered":"Anasayfa"},"content":{"rendered":"<div class=\"wpb-content-wrapper\"><p>[vc_row css=&#8221;.vc_custom_1735724286352{margin-top: -60px !important;margin-bottom: 0px !important;padding-bottom: 0px !important;}&#8221;][vc_column]\n\t\t\t\t<p class=\"rs-p-wp-fix\"><\/p>\n\t\t\t\t<sr7-module data-alias=\"slider3\" data-id=\"1\" id=\"SR7_1_1\" class=\"rs-ov-hidden\" data-version=\"6.7.18\">\n\t\t\t\t\t<sr7-adjuster><\/sr7-adjuster>\n\t\t\t\t\t<sr7-content>\n\t\t\t\t\t\t<sr7-slide id=\"SR7_1_1-1\" data-key=\"1\">\n\t\t\t\t\t\t\t<sr7-bg id=\"SR7_1_1-1-6\" class=\"sr7-layer\"><noscript><img decoding=\"async\" src=\"https:\/\/www.musmetmakina.com\/tr\/wp-content\/uploads\/2024\/10\/slayt_001.jpg\" alt=\"\" title=\"slayt_001\"><\/noscript><\/sr7-bg>\n\t\t\t\t\t\t\t<sr7-txt id=\"SR7_1_1-1-1\" class=\"sr7-layer\">Anahtar Teslim<\/sr7-txt>\n\t\t\t\t\t\t\t<sr7-txt id=\"SR7_1_1-1-2\" class=\"sr7-layer\">S\u00fct, S\u00fct Tozu Tesisleri Kurulumu, S\u00fct Tanklar\u0131 \u00dcretimi, \nPast\u00f6rizat\u00f6r, Seperat\u00f6r, Homojenizat\u00f6r \u0130m\u00e2lat\u0131\n<\/sr7-txt>\n\t\t\t\t\t\t\t<sr7-txt id=\"SR7_1_1-1-3\" class=\"sr7-layer\">KATALOG<\/sr7-txt>\n\t\t\t\t\t\t\t<sr7-txt id=\"SR7_1_1-1-4\" class=\"sr7-layer\">\u00dcR\u00dcNLER<\/sr7-txt>\n\t\t\t\t\t\t\t<sr7-txt id=\"SR7_1_1-1-5\" class=\"sr7-layer\">MUSMET MAK\u0130NA KURUMSAL WEB S\u0130TES\u0130<\/sr7-txt>\n\t\t\t\t\t\t<\/sr7-slide>\n\t\t\t\t\t\t<sr7-slide id=\"SR7_1_1-2\" data-key=\"2\">\n\t\t\t\t\t\t\t<sr7-bg id=\"SR7_1_1-2-6\" class=\"sr7-layer\"><noscript><img decoding=\"async\" src=\"https:\/\/www.musmetmakina.com\/tr\/wp-content\/uploads\/2024\/10\/slayt_002.jpg\" alt=\"\" title=\"slayt_002\"><\/noscript><\/sr7-bg>\n\t\t\t\t\t\t\t<sr7-txt id=\"SR7_1_1-2-1\" class=\"sr7-layer\">So\u011futma, Proses, Depolama Tanklar\u0131<\/sr7-txt>\n\t\t\t\t\t\t\t<sr7-txt id=\"SR7_1_1-2-2\" class=\"sr7-layer\">S\u00fct ve s\u00fct tozu sekt\u00f6r\u00fcnde ihtiyac\u0131n\u0131z olan t\u00fcm \u00fcr\u00fcnler, Musmet kalitesi ile hizmetinizde...<\/sr7-txt>\n\t\t\t\t\t\t\t<sr7-txt id=\"SR7_1_1-2-3\" class=\"sr7-layer\">KATALOG<\/sr7-txt>\n\t\t\t\t\t\t\t<sr7-txt id=\"SR7_1_1-2-4\" class=\"sr7-layer\">\u00dcR\u00dcNLER<\/sr7-txt>\n\t\t\t\t\t\t\t<sr7-txt id=\"SR7_1_1-2-5\" class=\"sr7-layer\">S\u00dcT DEPOLAMA TANKLARI<\/sr7-txt>\n\t\t\t\t\t\t<\/sr7-slide>\n\t\t\t\t\t\t<sr7-slide id=\"SR7_1_1-3\" data-key=\"3\">\n\t\t\t\t\t\t\t<sr7-bg id=\"SR7_1_1-3-6\" class=\"sr7-layer\"><noscript><img decoding=\"async\" src=\"https:\/\/www.musmetmakina.com\/tr\/wp-content\/uploads\/2024\/10\/slayt_003.jpg\" alt=\"\" title=\"slayt_003\"><\/noscript><\/sr7-bg>\n\t\t\t\t\t\t\t<sr7-txt id=\"SR7_1_1-3-1\" class=\"sr7-layer\">S\u00fct End\u00fcstrisinde \u00d6nc\u00fc<\/sr7-txt>\n\t\t\t\t\t\t\t<sr7-txt id=\"SR7_1_1-3-2\" class=\"sr7-layer\">S\u00fct Tozu \u00dcretim Tesisleri, Seperat\u00f6rler, S\u00fct Tozu Kuleleri, Ak\u0131\u015fkan Yatak, Elek \u00dcretimi<\/sr7-txt>\n\t\t\t\t\t\t\t<sr7-txt id=\"SR7_1_1-3-3\" class=\"sr7-layer\">KATALOG<\/sr7-txt>\n\t\t\t\t\t\t\t<sr7-txt id=\"SR7_1_1-3-4\" class=\"sr7-layer\">\u00dcR\u00dcNLER<\/sr7-txt>\n\t\t\t\t\t\t\t<sr7-txt id=\"SR7_1_1-3-5\" class=\"sr7-layer\">S\u00dcT TOZU TES\u0130S\u0130 KURULUMU<\/sr7-txt>\n\t\t\t\t\t\t<\/sr7-slide>\n\t\t\t\t\t\t<sr7-slide id=\"SR7_1_1-4\" data-key=\"4\">\n\t\t\t\t\t\t<\/sr7-slide>\n\t\t\t\t\t<\/sr7-content>\n\t\t\t\t\t<image_lists style=\"display:none\">\n\t\t\t\t\t\t<img data-src=\"\/\/www.musmetmakina.com\/tr\/wp-content\/uploads\/2024\/10\/slayt_001.jpg\" data-libid=\"2344\" data-lib=\"medialibrary\" title=\"slayt_001\" width=\"0\" height=\"0\" data-dbsrc=\"Ly93d3cubXVzbWV0bWFraW5hLmNvbS90ci93cC1jb250ZW50L3VwbG9hZHMvMjAyNC8xMC9zbGF5dF8wMDEuanBn\"\/>\n\t\t\t\t\t\t<img data-src=\"\/\/www.musmetmakina.com\/tr\/wp-content\/uploads\/2024\/10\/slayt_002.jpg\" data-libid=\"2345\" data-lib=\"medialibrary\" title=\"slayt_002\" width=\"0\" height=\"0\" data-dbsrc=\"Ly93d3cubXVzbWV0bWFraW5hLmNvbS90ci93cC1jb250ZW50L3VwbG9hZHMvMjAyNC8xMC9zbGF5dF8wMDIuanBn\"\/>\n\t\t\t\t\t\t<img data-src=\"\/\/www.musmetmakina.com\/tr\/wp-content\/uploads\/2024\/10\/slayt_003.jpg\" data-libid=\"2346\" data-lib=\"medialibrary\" title=\"slayt_003\" width=\"0\" height=\"0\" data-dbsrc=\"Ly93d3cubXVzbWV0bWFraW5hLmNvbS90ci93cC1jb250ZW50L3VwbG9hZHMvMjAyNC8xMC9zbGF5dF8wMDMuanBn\"\/>\n\t\t\t\t\t<\/image_lists>\n\t\t\t\t<\/sr7-module>\n\t\t\t\t<script>\n\t\t\t\t\tSR7.PMH ??={}; SR7.PMH[\"SR7_1_1\"] = {cn:0,state:false,fn: function() { if (_tpt!==undefined && _tpt.prepareModuleHeight !== undefined) {  _tpt.prepareModuleHeight({id:\"SR7_1_1\",el:[550,550,550,400,500],type:'standard',shdw:'0',gh:[550,550,550,400,500],gw:[1140,1140,1140,778,480],vpt:['100px&#039;,&#039;100px&#039;,&#039;100px&#039;,&#039;100px&#039;,&#039;100px'],size:{fullWidth:true, fullHeight:false},mh:'0',onh:0,onw:0,bg:{color:'{\"orig\":\"transparent\",\"type\":\"solid\",\"string\":\"transparent\"}'},plType:'0',plColor:'#FFFFFF'});   SR7.PMH[\"SR7_1_1\"].state=true;} else if((SR7.PMH[\"SR7_1_1\"].cn++)<100)\tsetTimeout( SR7.PMH[\"SR7_1_1\"].fn,19);}};SR7.PMH[\"SR7_1_1\" ].fn();\n\t\t\t\t<\/script>\n[\/vc_column][\/vc_row][vc_row full_width=&#8221;stretch_row&#8221; css=&#8221;.vc_custom_1470054721653{padding-top: 10px !important;padding-bottom: 10px !important;background-color: #e5e5e5 !important;}&#8221;][vc_column css=&#8221;.vc_custom_1470054690581{padding-top: 0px !important;}&#8221;]<div class=\"anps_cta\"><div class='cta-content font1' style='color: #878787'>Sekt\u00f6r\u00fcn \u00d6nc\u00fcs\u00fc&#8230; Teklif almak ve dan\u0131\u015fmanl\u0131k hizmetlerimizden faydalanmak i\u00e7in&#8230;<\/div><a href='\/bize-ulasin' target='_self' class='btn btn-lg btn-normal '>B\u0130ZE ULA\u015eIN<\/a><\/div>[\/vc_column][\/vc_row][vc_row full_width=&#8221;stretch_row&#8221; css=&#8221;.vc_custom_1470122870434{margin-top: 0px !important;margin-bottom: 0px !important;padding-top: 30px !important;padding-bottom: 40px !important;background-color: #f8f9f9 !important;}&#8221;][vc_column width=&#8221;1\/3&#8243;][vc_single_image image=&#8221;2358&#8243; img_size=&#8221;full&#8221; css=&#8221;&#8221;]<h4 class='heading-content  style-1' ><span>Past\u00f6rizat\u00f6r \u00dcretimi<\/span><\/h4>[vc_column_text css=&#8221;.vc_custom_1729882788763{margin-bottom: 0px !important;}&#8221;]<\/p>\n<p style=\"text-align: justify;\">Musmet Makina, g\u0131da ve i\u00e7ecek sekt\u00f6r\u00fc i\u00e7in y\u00fcksek kaliteli past\u00f6rizasyon cihazlar\u0131 \u00fcretmektedir ve bu sayede \u00fcr\u00fcnlerin g\u00fcvenli\u011fi ve raf \u00f6mr\u00fcn\u00fcn uzat\u0131lmas\u0131n\u0131 sa\u011flamaktad\u0131r. M\u00fc\u015fteri ihtiya\u00e7lar\u0131na g\u00f6re \u00f6zelle\u015ftirilebilen sistemlerimiz, enerji verimlili\u011fi ve s\u00fcrd\u00fcr\u00fclebilirlik odakl\u0131, en son teknolojiyle tasarlanm\u0131\u015ft\u0131r.<\/p>\n<p>[\/vc_column_text][vc_empty_space height=&#8221;15px&#8221;]<a id='button-id-' target='_self' href='https:\/\/www.musmetmakina.com\/tr\/pastorizator-uretimi' class='btn btn-minimal btn-sm' style=''>Detayl\u0131 Bilgi<\/a>[\/vc_column][vc_column width=&#8221;1\/3&#8243;][vc_single_image image=&#8221;2356&#8243; img_size=&#8221;full&#8221; css=&#8221;&#8221;]<h4 class='heading-content  style-1' ><span>S\u00fct End\u00fcstrisi Tanklar\u0131<\/span><\/h4>[vc_column_text css=&#8221;.vc_custom_1729882837153{margin-bottom: 0px !important;}&#8221;]<\/p>\n<p style=\"text-align: justify;\">\u015eirketimiz, s\u00fct ve g\u0131da end\u00fcstrileri i\u00e7in y\u00fcksek kaliteli tanklar \u00fcretiminde uzmanla\u015fm\u0131\u015ft\u0131r. So\u011futma tanklar\u0131, ta\u015f\u0131ma tanklar\u0131, proses tanklar\u0131, depolama tanklar\u0131 ve s\u00fct alma tanklar\u0131 dahil olmak \u00fczere geni\u015f bir \u00e7\u00f6z\u00fcm yelpazesi sunuyoruz. Ceketli pi\u015firme tanklar\u0131m\u0131z, e\u015fit \u0131s\u0131 da\u011f\u0131l\u0131m\u0131 sa\u011flayarak verimli pi\u015firme s\u00fcre\u00e7leri i\u00e7in tasarlanm\u0131\u015ft\u0131r.<\/p>\n<p>[\/vc_column_text][vc_empty_space height=&#8221;15px&#8221;]<a id='button-id-1' target='_self' href='https:\/\/www.musmetmakina.com\/tr\/sut-endustrisi-tanklari' class='btn btn-minimal btn-sm' style=''>Detayl\u0131 Bilgi<\/a>[\/vc_column][vc_column width=&#8221;1\/3&#8243;]<div class='featured-horizontal'><div class='featured-horizontal-header'><img alt='HOMOJEN\u0130ZAT\u00d6R' src='https:\/\/www.musmetmakina.com\/tr\/wp-content\/uploads\/2024\/10\/HOMOGENIZER_001.jpg'><\/div><div class='featured-horizontal-content'><h3 class='featured-horizontal-title'>HOMOJEN\u0130ZAT\u00d6R<\/h3><p class='featured-horizontal-desc'>Homojenizat\u00f6r tamir, bak\u0131m, ikinci el\u00a0 sat\u0131\u015f hizmetleri<\/p><\/div><\/div><div class='featured-horizontal'><div class='featured-horizontal-header'><img alt='AKI\u015eKAN YATAK KURUTUCULAR' src='https:\/\/www.musmetmakina.com\/tr\/wp-content\/uploads\/2024\/10\/FLUID_BED_DRYER_1.jpg'><\/div><div class='featured-horizontal-content'><h3 class='featured-horizontal-title'>AKI\u015eKAN YATAK KURUTUCULAR<\/h3><p class='featured-horizontal-desc'>Ak\u0131\u015fkan Yatak Kurutucular\u0131n \u00fcretim, devreye alma ve sat\u0131\u015f\u0131.<\/p><\/div><\/div><div class='featured-horizontal'><div class='featured-horizontal-header'><img alt='S\u00dcT SEPERAT\u00d6R\u00dc' src='https:\/\/www.musmetmakina.com\/tr\/wp-content\/uploads\/2024\/10\/SEPERATOR.jpg'><\/div><div class='featured-horizontal-content'><h3 class='featured-horizontal-title'>S\u00dcT SEPERAT\u00d6R\u00dc<\/h3><p class='featured-horizontal-desc'>S\u00fct seperat\u00f6rleri tamir, bak\u0131m ve servisi.<\/p><\/div><\/div><div class='featured-horizontal'><div class='featured-horizontal-header'><img alt='DEODER\u0130ZAT\u00d6RLER' src='https:\/\/www.musmetmakina.com\/tr\/wp-content\/uploads\/2024\/10\/DEODERIZATOR_1.jpg'><\/div><div class='featured-horizontal-content'><h3 class='featured-horizontal-title'>DEODER\u0130ZAT\u00d6RLER<\/h3><p class='featured-horizontal-desc'>Deoderizat\u00f6r \u00dcretimi<\/p><\/div><\/div>[vc_empty_space height=&#8221;10px&#8221;]<a id='button-id-2' target='_self' href='https:\/\/www.musmetmakina.com\/tr\/urunler' class='btn btn-minimal btn-sm' style=''>Detayl\u0131 Bilgi<\/a>[\/vc_column][\/vc_row][vc_row full_width=&#8221;stretch_row&#8221; css=&#8221;.vc_custom_1729924970206{margin-bottom: 0px !important;padding-top: 10px !important;padding-bottom: 70px !important;background-image: url(https:\/\/www.musmetmakina.com\/tr\/wp-content\/uploads\/2024\/10\/SUT_SEKTORUNDEN_HABERLER.jpg?id=2377) !important;}&#8221;][vc_column]<h2 class='heading-left  divider-modern'  style='color: #ffffff'><span><em class=\"heading-subtitle\" style='color: #c9c9c9'>Bizden Haberler<\/em>MUSMET MAK\u0130NA G\u00dcNCEL<\/span><\/h2>[vc_empty_space height=&#8221;25px&#8221;]<div class='recent-news recent-news-light' data-owlcolumns='3'><div class='owl-wrap'><div class='owl-carousel'><article class='post-minimal post-minimal-light'><header><img loading=\"lazy\" decoding=\"async\" width=\"359\" height=\"283\" src=\"https:\/\/www.musmetmakina.com\/tr\/wp-content\/uploads\/2025\/03\/anahtar_teslim_sut_isleme_tesislerinde_otomasyon-359x283.jpg\" class=\"attachment-anps-portfolio size-anps-portfolio wp-post-image\" alt=\"\" \/><\/header><div class=\"post-minimal-wrap\"><a href='https:\/\/www.musmetmakina.com\/tr\/anahtar-teslim-sut-isleme-tesislerinde-otomasyon-ve-dijitallestirme-cozumleri\/'><h3 class='post-minimal-title'>Anahtar Teslim S\u00fct \u0130\u015fleme Tesislerinde Otomasyon ve Dijitalle\u015ftirme \u00c7\u00f6z\u00fcmleri<\/h3><\/a><ul class=\"post-minimal-meta\"><li><i class='fa fa-calendar'><\/i><time datetime='2025-03-04 09:41'>4 Mart 2025<\/time><\/li><\/ul><\/div><\/article><article class='post-minimal post-minimal-light'><header><img loading=\"lazy\" decoding=\"async\" width=\"359\" height=\"283\" src=\"https:\/\/www.musmetmakina.com\/tr\/wp-content\/uploads\/2025\/02\/pastorizasyonda_endustriyel_cozumler-359x283.jpg\" class=\"attachment-anps-portfolio size-anps-portfolio wp-post-image\" alt=\"\" \/><\/header><div class=\"post-minimal-wrap\"><a href='https:\/\/www.musmetmakina.com\/tr\/sut-pastorizasyonunda-kullanilan-yontemler-ve-endustriyel-cozumler\/'><h3 class='post-minimal-title'>S\u00fct Past\u00f6rizasyonunda Kullan\u0131lan Y\u00f6ntemler ve End\u00fcstriyel \u00c7\u00f6z\u00fcmler<\/h3><\/a><ul class=\"post-minimal-meta\"><li><i class='fa fa-calendar'><\/i><time datetime='2025-02-25 10:23'>25 \u015eubat 2025<\/time><\/li><\/ul><\/div><\/article><article class='post-minimal post-minimal-light'><header><img loading=\"lazy\" decoding=\"async\" width=\"359\" height=\"283\" src=\"https:\/\/www.musmetmakina.com\/tr\/wp-content\/uploads\/2025\/02\/A_modern_dairy_processing_facility_with_ad_3-359x283.jpg\" class=\"attachment-anps-portfolio size-anps-portfolio wp-post-image\" alt=\"\" \/><\/header><div class=\"post-minimal-wrap\"><a href='https:\/\/www.musmetmakina.com\/tr\/sut-isleme-sureclerinde-verimliligi-artiran-teknik-cozumler-ve-optimizasyon-yontemleri\/'><h3 class='post-minimal-title'>S\u00fct \u0130\u015fleme S\u00fcre\u00e7lerinde Verimlili\u011fi Art\u0131ran Teknik \u00c7\u00f6z\u00fcmler ve Optimizasyon Y\u00f6ntemleri<\/h3><\/a><ul class=\"post-minimal-meta\"><li><i class='fa fa-calendar'><\/i><time datetime='2025-02-17 02:44'>17 \u015eubat 2025<\/time><\/li><\/ul><\/div><\/article><article class='post-minimal post-minimal-light'><header><img loading=\"lazy\" decoding=\"async\" width=\"359\" height=\"283\" src=\"https:\/\/www.musmetmakina.com\/tr\/wp-content\/uploads\/2025\/02\/sut_tesisi_kurulumu_gida_guvenligi-359x283.jpg\" class=\"attachment-anps-portfolio size-anps-portfolio wp-post-image\" alt=\"\" \/><\/header><div class=\"post-minimal-wrap\"><a href='https:\/\/www.musmetmakina.com\/tr\/gida-guvenligi-standartlarina-uygun-sut-tesisleri-nasil-kurulur\/'><h3 class='post-minimal-title'>G\u0131da G\u00fcvenli\u011fi Standartlar\u0131na Uygun S\u00fct Tesisleri Nas\u0131l Kurulur?<\/h3><\/a><ul class=\"post-minimal-meta\"><li><i class='fa fa-calendar'><\/i><time datetime='2025-02-11 11:35'>11 \u015eubat 2025<\/time><\/li><\/ul><\/div><\/article><\/div><div class='owl-nav-style-2 text-right'><button class='owlprev'><i class='fa fa-chevron-left'><\/i><\/button><button class='owlnext'><i class='fa fa-chevron-right'><\/i><\/button><\/div><\/div><\/div>[\/vc_column][\/vc_row][vc_row full_width=&#8221;stretch_row&#8221; css=&#8221;.vc_custom_1470122471220{padding-top: 10px !important;padding-bottom: 50px !important;}&#8221;][vc_column]<h2 class='heading-left  divider-modern'  style='color: #0a0a0a'><span><em class=\"heading-subtitle\" style='color: #c9c9c9'>M\u00fc\u015fterilerimiz<\/em>Neler S\u00f6ylediler ?<\/span><\/h2>[vc_empty_space height=&#8221;25px&#8221;]<div class=\"testimonials testimonials-style-2\"><div class='testimonials-header'><\/div><div class='testimonials-outer-wrap'><ul class=\"testimonial-wrap owl-carousel\"><li class=\"clearfix row\"><div class=\"user pull-left\"><div class=\"user-image\"><img class='user-photo' src='https:\/\/www.musmetmakina.com\/tr\/wp-content\/uploads\/2024\/10\/mansour_company.jpg' alt='Ahmed Al-Mansour, Suriye'><\/div><div class=\"content pull-left\"><h3 class='name-user'>Ahmed Al-Mansour, Suriye<\/h3><h4 class=\"jobtitle\">Mansour Company<\/h4><p>G\u00fcvenilir bir firmadan, y\u00fcksek kaliteli bir pi\u015firme tank\u0131 ar\u0131yorduk ve Musmet Makina ihtiya\u00e7lar\u0131m\u0131z\u0131 gayet iyi bir \u015fekilde kar\u015f\u0131lad\u0131. Kendilerine te\u015fekk\u00fcr ederiz.<\/p><\/div><\/div><\/li><li class=\"clearfix row\"><div class=\"user pull-left\"><div class=\"user-image\"><img class='user-photo' src='https:\/\/www.musmetmakina.com\/tr\/wp-content\/uploads\/2024\/10\/storage_tank.jpg' alt='Zainab Khalil'><\/div><div class=\"content pull-left\"><h3 class='name-user'>Zainab Khalil<\/h3><h4 class=\"jobtitle\">Maroun Co. Iraq<\/h4><p>Musmet Makinayla \u00e7al\u0131\u015fmak, operasyonel s\u00fcre\u00e7lerimizi geli\u015ftirmemize yard\u0131mc\u0131 oldu. Geli\u015fmi\u015f depolama tanklar\u0131, \u00fcr\u00fcnlerimizin g\u00fcvenli ve hijyenik bir \u015fekilde depolanmas\u0131n\u0131 sa\u011fl\u0131yor.<\/p><\/div><\/div><\/li><li class=\"clearfix row\"><div class=\"user pull-left\"><div class=\"user-image\"><img class='user-photo' src='https:\/\/www.musmetmakina.com\/tr\/wp-content\/uploads\/2024\/10\/lor_tank.jpg' alt='Sofiane El-Mahdi, Morocco'><\/div><div class=\"content pull-left\"><h3 class='name-user'>Sofiane El-Mahdi, Morocco<\/h3><h4 class=\"jobtitle\">Ganya ltd. Morocco<\/h4><p>Lor tank\u0131 almak i\u00e7in, Musmet Makinayla ger\u00e7ekle\u015ftirdi\u011fimiz i\u015f birli\u011fi son derece ba\u015far\u0131l\u0131 ge\u00e7ti. \u00dcr\u00fcnlerinin kalitesi ve tasar\u0131m\u0131, nitelikli bir m\u00fchendisli\u011fe sahip. Kurulum s\u00fcrecinde sa\u011flad\u0131klar\u0131 sonsuz destek i\u00e7in de ayr\u0131ca te\u015fekk\u00fcr ederiz. <\/p><\/div><\/div><\/li><\/ul><div class=\"owl-nav-style-2\"><button class=\"owlprev\"><i class=\"fa fa-chevron-left\"><\/i><\/button><button class=\"owlnext\"><i class=\"fa fa-chevron-right\"><\/i><\/button><\/div><\/div><\/div>[\/vc_column][\/vc_row]<\/p>\n<\/div>","protected":false},"excerpt":{"rendered":"<p>[vc_row css=&#8221;.vc_custom_1735724286352{margin-top: -60px !important;margin-bottom: 0px !important;padding-bottom: 0px !important;}&#8221;][vc_column][\/vc_column][\/vc_row][vc_row full_width=&#8221;stretch_row&#8221; css=&#8221;.vc_custom_1470054721653{padding-top: 10px !important;padding-bottom: 10px !important;background-color: #e5e5e5 !important;}&#8221;][vc_column css=&#8221;.vc_custom_1470054690581{padding-top: 0px !important;}&#8221;][\/vc_column][\/vc_row][vc_row full_width=&#8221;stretch_row&#8221; css=&#8221;.vc_custom_1470122870434{margin-top: 0px !important;margin-bottom: 0px !important;padding-top: 30px !important;padding-bottom: 40px !important;background-color: #f8f9f9 !important;}&#8221;][vc_column width=&#8221;1\/3&#8243;][vc_single_image image=&#8221;2358&#8243; img_size=&#8221;full&#8221; css=&#8221;&#8221;][vc_column_text css=&#8221;.vc_custom_1729882788763{margin-bottom: 0px !important;}&#8221;] Musmet Makina, &hellip;<\/p>\n","protected":false},"author":1,"featured_media":0,"parent":0,"menu_order":0,"comment_status":"closed","ping_status":"closed","template":"","meta":{"om_disable_all_campaigns":false,"_monsterinsights_skip_tracking":false,"_monsterinsights_sitenote_active":false,"_monsterinsights_sitenote_note":"","_monsterinsights_sitenote_category":0,"footnotes":""},"class_list":["post-1096","page","type-page","status-publish","hentry"],"aioseo_notices":[],"_links":{"self":[{"href":"https:\/\/www.musmetmakina.com\/tr\/wp-json\/wp\/v2\/pages\/1096","targetHints":{"allow":["GET"]}}],"collection":[{"href":"https:\/\/www.musmetmakina.com\/tr\/wp-json\/wp\/v2\/pages"}],"about":[{"href":"https:\/\/www.musmetmakina.com\/tr\/wp-json\/wp\/v2\/types\/page"}],"author":[{"embeddable":true,"href":"https:\/\/www.musmetmakina.com\/tr\/wp-json\/wp\/v2\/users\/1"}],"replies":[{"embeddable":true,"href":"https:\/\/www.musmetmakina.com\/tr\/wp-json\/wp\/v2\/comments?post=1096"}],"version-history":[{"count":2,"href":"https:\/\/www.musmetmakina.com\/tr\/wp-json\/wp\/v2\/pages\/1096\/revisions"}],"predecessor-version":[{"id":2541,"href":"https:\/\/www.musmetmakina.com\/tr\/wp-json\/wp\/v2\/pages\/1096\/revisions\/2541"}],"wp:attachment":[{"href":"https:\/\/www.musmetmakina.com\/tr\/wp-json\/wp\/v2\/media?parent=1096"}],"curies":[{"name":"wp","href":"https:\/\/api.w.org\/{rel}","templated":true}]}}